{"id":64,"date":"2023-02-24T10:55:01","date_gmt":"2023-02-24T09:55:01","guid":{"rendered":"http:\/\/duprez-montagne.be\/?page_id=64"},"modified":"2023-05-18T19:07:09","modified_gmt":"2023-05-18T17:07:09","slug":"le-domaine-skiable","status":"publish","type":"page","link":"https:\/\/duprez-montagne.be\/fr_fr\/le-domaine-skiable\/","title":{"rendered":"Le domaine skiable"},"content":{"rendered":"\t\t<div data-elementor-type=\"wp-page\" data-elementor-id=\"64\" class=\"elementor elementor-64\">\n\t\t\t\t\t\t<section class=\"elementor-section elementor-top-section elementor-element elementor-element-2f6ecd9 elementor-section-boxed elementor-section-height-default elementor-section-height-default\" data-id=\"2f6ecd9\" data-element_type=\"section\" data-e-type=\"section\">\n\t\t\t\t\t\t<div class=\"elementor-container elementor-column-gap-default\">\n\t\t\t\t\t<div class=\"elementor-column elementor-col-100 elementor-top-column elementor-element elementor-element-8a7af55\" data-id=\"8a7af55\" data-element_type=\"column\" data-e-type=\"column\">\n\t\t\t<div class=\"elementor-widget-wrap elementor-element-populated\">\n\t\t\t\t\t\t<div class=\"elementor-element elementor-element-d96acd0 elementor-widget elementor-widget-heading\" data-id=\"d96acd0\" data-element_type=\"widget\" data-e-type=\"widget\" data-widget_type=\"heading.default\">\n\t\t\t\t<div class=\"elementor-widget-container\">\n\t\t\t\t\t<h1 class=\"elementor-heading-title elementor-size-default\">Paradiski<\/h1>\t\t\t\t<\/div>\n\t\t\t\t<\/div>\n\t\t\t\t<div class=\"elementor-element elementor-element-8021273 elementor-widget elementor-widget-heading\" data-id=\"8021273\" data-element_type=\"widget\" data-e-type=\"widget\" data-widget_type=\"heading.default\">\n\t\t\t\t<div class=\"elementor-widget-container\">\n\t\t\t\t\t<h2 class=\"elementor-heading-title elementor-size-medium\">Le deuxi\u00e8me plus grand domaine skiable du monde<\/h2>\t\t\t\t<\/div>\n\t\t\t\t<\/div>\n\t\t\t\t\t<\/div>\n\t\t<\/div>\n\t\t\t\t\t<\/div>\n\t\t<\/section>\n\t\t\t\t<section class=\"elementor-section elementor-top-section elementor-element elementor-element-9224f2e elementor-section-boxed elementor-section-height-default elementor-section-height-default\" data-id=\"9224f2e\" data-element_type=\"section\" data-e-type=\"section\">\n\t\t\t\t\t\t<div class=\"elementor-container elementor-column-gap-default\">\n\t\t\t\t\t<div class=\"elementor-column elementor-col-100 elementor-top-column elementor-element elementor-element-b5f26f3\" data-id=\"b5f26f3\" data-element_type=\"column\" data-e-type=\"column\">\n\t\t\t<div class=\"elementor-widget-wrap elementor-element-populated\">\n\t\t\t\t\t\t<div class=\"elementor-element elementor-element-7be09ec elementor-widget elementor-widget-text-editor\" data-id=\"7be09ec\" data-element_type=\"widget\" data-e-type=\"widget\" data-widget_type=\"text-editor.default\">\n\t\t\t\t<div class=\"elementor-widget-container\">\n\t\t\t\t\t\t\t\t\t<div><div>Montchavin-Les Coches fait partie du domaine skiable La Plagne, qui s\u2019\u00e9tend de\u00a0<strong>1250 \u00e0 3250 m\u00e8tres d\u2019altitude<\/strong>\u00a0et regroupe 10 stations, pour 10 ambiances. C\u2019est l\u2019un des terrains de jeu les plus vastes et vari\u00e9s au monde : entre glaciers, for\u00eats et champs de poudreuse, vous pourrez skier dans un\u00a0<strong>environnement diversifi\u00e9<\/strong>\u00a0situ\u00e9 \u00e0\u00a0<strong>70% au-dessus de 2000 m\u00e8tres d\u2019altitude<\/strong>\u00a0(ce qui garantit un excellent enneigement) et offrant des\u00a0<strong>panoramas incroyables<\/strong>\u00a0sur le Mont Blanc et les Alpes fran\u00e7aises.<\/div><div>\u00a0<\/div><div>Elle compte\u00a0<strong>136 pistes (225 km)<\/strong>\u00a0pour tous les niveaux : alors que les skieurs confirm\u00e9s pourront s\u2019adonner aux joies de la glisse intense sur les\u00a0<strong>19 pistes noires et 34 pistes rouges<\/strong>, les d\u00e9butants et familles auront acc\u00e8s \u00e0 une exp\u00e9rience de ski rassurante et plaisante gr\u00e2ce aux\u00a0<strong>74 pistes bleues et 9 pistes vertes<\/strong>\u00a0du domaine.\u00a0<strong>77 remont\u00e9es m\u00e9caniques<\/strong>\u00a0(en plus du t\u00e9l\u00e9ph\u00e9rique du\u00a0<strong>Vanoise-Express<\/strong>, servant \u00e0 se rendre aux Arcs) desservent les pistes de la station, qui propose aussi un snowpark, un fun slope, 3 boardercross, 2 pistes \u00e0 th\u00e8me, 1 piste de luge et 2 big airbags.<\/div><\/div><div>\u00a0<\/div><div>La Plagne, c\u2019est aussi un domaine situ\u00e9 au c\u0153ur de Paradiski, le <strong>2\u00e8me plus grand domaine skiable reli\u00e9 du monde<\/strong>, compos\u00e9 des Arcs, Peisey-Vallandry et La Plagne. S\u2019adressant aux amateurs de ski de tous les niveaux, ce domaine spectaculaire s\u2019\u00e9tendant de\u00a0<strong>1200 \u00e0 3250 m\u00e8tres d\u2019altitude<\/strong>, ne compte pas moins de\u00a0<strong>425 km de pistes<\/strong>\u00a0desservies par\u00a0<strong>130 remont\u00e9es m\u00e9caniques<\/strong>.<\/div><div>\u00a0<\/div><div>Le domaine ravira autant les plus aguerris (<strong>79 pistes rouges et 36 pistes noires<\/strong>) que les moins exp\u00e9riment\u00e9s (<strong>137 pistes bleues, 12 pistes vertes<\/strong>). Il comprend aussi 2 snowparks, 5 boardercross, 3 big airbags, 3 pistes de luge, 1 waterslide, 1 slalom film\u00e9, 1 chronospeed et 1 air tubing.<\/div><div>\u00a0<\/div><div>Force est de constater que vous n\u2019aurez pas le temps de vous ennuyer ! En plus de toutes ces zones ludiques s\u2019ajoutent de\u00a0<strong>multiples activit\u00e9s hors-ski<\/strong>, chacun trouvera son bonheur : les fous d\u2019adr\u00e9naline (quad sur neige, motoneige, parapente, tyrolienne g\u00e9ante, bobsleigh\u2026), les familles (snake gliss, luge\u2026) ainsi que les esprits zen (soins du corps, randonn\u00e9es, massages\u2026). Ceci est une liste non-exhaustive des exp\u00e9riences que vous aurez la possibilit\u00e9 de vivre dans ce domaine \u00e0 grande renomm\u00e9e !<\/div><div>\u00a0<\/div><div>Enfin, vous pourrez ais\u00e9ment vous initier aux plaisirs de la glisse ou perfectionner votre technique gr\u00e2ce aux diff\u00e9rentes\u00a0<strong>\u00e9coles de ski et de snowboard<\/strong>, moniteurs ind\u00e9pendants, guides\u2026 qui trouveront r\u00e9ponse \u00e0 vos envies, quel que soit votre \u00e2ge et votre niveau !<\/div>\t\t\t\t\t\t\t\t<\/div>\n\t\t\t\t<\/div>\n\t\t\t\t<div class=\"elementor-element elementor-element-f3f231f elementor-widget elementor-widget-image\" data-id=\"f3f231f\" data-element_type=\"widget\" data-e-type=\"widget\" data-widget_type=\"image.default\">\n\t\t\t\t<div class=\"elementor-widget-container\">\n\t\t\t\t\t\t\t\t\t\t\t\t<figure class=\"wp-caption\">\n\t\t\t\t\t\t\t\t\t\t\t<a href=\"https:\/\/www.la-plagne.com\/montchavin-les-coches\" target=\"_blank\" rel=\"nofollow\">\n\t\t\t\t\t\t\t<img fetchpriority=\"high\" decoding=\"async\" width=\"541\" height=\"333\" src=\"https:\/\/duprez-montagne.be\/wp-content\/uploads\/2023\/02\/logo_plagne.png\" class=\"attachment-large size-large wp-image-102\" alt=\"\" srcset=\"https:\/\/duprez-montagne.be\/wp-content\/uploads\/2023\/02\/logo_plagne.png 541w, https:\/\/duprez-montagne.be\/wp-content\/uploads\/2023\/02\/logo_plagne-300x185.png 300w, https:\/\/duprez-montagne.be\/wp-content\/uploads\/2023\/02\/logo_plagne-18x12.png 18w\" sizes=\"100vw\" \/>\t\t\t\t\t\t\t\t<\/a>\n\t\t\t\t\t\t\t\t\t\t\t<figcaption class=\"widget-image-caption wp-caption-text\">VISITEZ LE SITE WEB DE LA PLAGNE<\/figcaption>\n\t\t\t\t\t\t\t\t\t\t<\/figure>\n\t\t\t\t\t\t\t\t\t<\/div>\n\t\t\t\t<\/div>\n\t\t\t\t\t<\/div>\n\t\t<\/div>\n\t\t\t\t\t<\/div>\n\t\t<\/section>\n\t\t\t\t<section class=\"elementor-section elementor-top-section elementor-element elementor-element-746201a elementor-section-boxed elementor-section-height-default elementor-section-height-default\" data-id=\"746201a\" data-element_type=\"section\" data-e-type=\"section\">\n\t\t\t\t\t\t<div class=\"elementor-container elementor-column-gap-default\">\n\t\t\t\t\t<div class=\"elementor-column elementor-col-100 elementor-top-column elementor-element elementor-element-a3af07a\" data-id=\"a3af07a\" data-element_type=\"column\" data-e-type=\"column\">\n\t\t\t<div class=\"elementor-widget-wrap elementor-element-populated\">\n\t\t\t\t\t\t<div class=\"elementor-element elementor-element-ca5e824 elementor-widget elementor-widget-image\" data-id=\"ca5e824\" data-element_type=\"widget\" data-e-type=\"widget\" data-widget_type=\"image.default\">\n\t\t\t\t<div class=\"elementor-widget-container\">\n\t\t\t\t\t\t\t\t\t\t\t\t\t\t\t\t<a href=\"https:\/\/live.skiplan.com\/moduleweb\/2.0\/live.php?resort=paradiski_hiver&#038;station=la-plagne\" target=\"_blank\" rel=\"nofollow\">\n\t\t\t\t\t\t\t<img decoding=\"async\" width=\"600\" height=\"358\" src=\"https:\/\/duprez-montagne.be\/wp-content\/uploads\/2023\/02\/carte_plein_ecran_fr.jpg\" class=\"attachment-large size-large wp-image-96\" alt=\"\" srcset=\"https:\/\/duprez-montagne.be\/wp-content\/uploads\/2023\/02\/carte_plein_ecran_fr.jpg 600w, https:\/\/duprez-montagne.be\/wp-content\/uploads\/2023\/02\/carte_plein_ecran_fr-300x179.jpg 300w, https:\/\/duprez-montagne.be\/wp-content\/uploads\/2023\/02\/carte_plein_ecran_fr-18x12.jpg 18w\" sizes=\"100vw\" \/>\t\t\t\t\t\t\t\t<\/a>\n\t\t\t\t\t\t\t\t\t\t\t\t\t\t\t<\/div>\n\t\t\t\t<\/div>\n\t\t\t\t\t<\/div>\n\t\t<\/div>\n\t\t\t\t\t<\/div>\n\t\t<\/section>\n\t\t\t\t<section class=\"elementor-section elementor-top-section elementor-element elementor-element-d378f27 elementor-section-boxed elementor-section-height-default elementor-section-height-default\" data-id=\"d378f27\" data-element_type=\"section\" data-e-type=\"section\">\n\t\t\t\t\t\t<div class=\"elementor-container elementor-column-gap-default\">\n\t\t\t\t\t<div class=\"elementor-column elementor-col-50 elementor-top-column elementor-element elementor-element-8f4363d\" data-id=\"8f4363d\" data-element_type=\"column\" data-e-type=\"column\">\n\t\t\t<div class=\"elementor-widget-wrap elementor-element-populated\">\n\t\t\t\t\t\t<div class=\"elementor-element elementor-element-4f63a4d elementor-widget elementor-widget-image\" data-id=\"4f63a4d\" data-element_type=\"widget\" data-e-type=\"widget\" data-widget_type=\"image.default\">\n\t\t\t\t<div class=\"elementor-widget-container\">\n\t\t\t\t\t\t\t\t\t\t\t\t<figure class=\"wp-caption\">\n\t\t\t\t\t\t\t\t\t\t\t<a href=\"https:\/\/www.intersport-rent.fr\/fr\/stations-ski\/tarentaise\/la-plagne\/la-plagne-les-coches\/intersport\" target=\"_blank\" rel=\"nofollow\">\n\t\t\t\t\t\t\t<img decoding=\"async\" width=\"950\" height=\"445\" src=\"https:\/\/duprez-montagne.be\/wp-content\/uploads\/2023\/02\/intersport-1024x480.jpg\" class=\"attachment-large size-large wp-image-108\" alt=\"\" srcset=\"https:\/\/duprez-montagne.be\/wp-content\/uploads\/2023\/02\/intersport-1024x480.jpg 1024w, https:\/\/duprez-montagne.be\/wp-content\/uploads\/2023\/02\/intersport-600x281.jpg 600w, https:\/\/duprez-montagne.be\/wp-content\/uploads\/2023\/02\/intersport-300x141.jpg 300w, https:\/\/duprez-montagne.be\/wp-content\/uploads\/2023\/02\/intersport-768x360.jpg 768w, https:\/\/duprez-montagne.be\/wp-content\/uploads\/2023\/02\/intersport-18x8.jpg 18w, https:\/\/duprez-montagne.be\/wp-content\/uploads\/2023\/02\/intersport.jpg 1500w\" sizes=\"100vw\" \/>\t\t\t\t\t\t\t\t<\/a>\n\t\t\t\t\t\t\t\t\t\t\t<figcaption class=\"widget-image-caption wp-caption-text\">Vos locations de ski a 100m de la r\u00e9sidence<\/figcaption>\n\t\t\t\t\t\t\t\t\t\t<\/figure>\n\t\t\t\t\t\t\t\t\t<\/div>\n\t\t\t\t<\/div>\n\t\t\t\t\t<\/div>\n\t\t<\/div>\n\t\t\t\t<div class=\"elementor-column elementor-col-50 elementor-top-column elementor-element elementor-element-5af302e\" data-id=\"5af302e\" data-element_type=\"column\" data-e-type=\"column\">\n\t\t\t<div class=\"elementor-widget-wrap elementor-element-populated\">\n\t\t\t\t\t\t<div class=\"elementor-element elementor-element-2734a29 elementor-widget elementor-widget-image\" data-id=\"2734a29\" data-element_type=\"widget\" data-e-type=\"widget\" data-widget_type=\"image.default\">\n\t\t\t\t<div class=\"elementor-widget-container\">\n\t\t\t\t\t\t\t\t\t\t\t\t<figure class=\"wp-caption\">\n\t\t\t\t\t\t\t\t\t\t\t<a href=\"https:\/\/www.esf-montchavinlescoches.com\/\" target=\"_blank\" rel=\"nofollow\">\n\t\t\t\t\t\t\t<img loading=\"lazy\" decoding=\"async\" width=\"593\" height=\"85\" src=\"https:\/\/duprez-montagne.be\/wp-content\/uploads\/2023\/02\/ESF_LOGO.png\" class=\"attachment-large size-large wp-image-106\" alt=\"\" srcset=\"https:\/\/duprez-montagne.be\/wp-content\/uploads\/2023\/02\/ESF_LOGO.png 593w, https:\/\/duprez-montagne.be\/wp-content\/uploads\/2023\/02\/ESF_LOGO-300x43.png 300w, https:\/\/duprez-montagne.be\/wp-content\/uploads\/2023\/02\/ESF_LOGO-18x3.png 18w\" sizes=\"100vw\" \/>\t\t\t\t\t\t\t\t<\/a>\n\t\t\t\t\t\t\t\t\t\t\t<figcaption class=\"widget-image-caption wp-caption-text\">Les cours de ski Adultes et Enfants \u00e0 l'\u00e9cole de ski Francaise<\/figcaption>\n\t\t\t\t\t\t\t\t\t\t<\/figure>\n\t\t\t\t\t\t\t\t\t<\/div>\n\t\t\t\t<\/div>\n\t\t\t\t\t<\/div>\n\t\t<\/div>\n\t\t\t\t\t<\/div>\n\t\t<\/section>\n\t\t\t\t<\/div>\n\t\t","protected":false},"excerpt":{"rendered":"<p>Paradiski Le deuxi\u00e8me plus grand domaine skiable du monde Montchavin-Les Coches fait partie du domaine skiable La Plagne, qui s\u2019\u00e9tend de&nbsp;1250 \u00e0 3250 m\u00e8tres d\u2019altitude&nbsp;et regroupe 10 stations, pour 10 &hellip; <\/p>\n<p class=\"link-more\"><a href=\"https:\/\/duprez-montagne.be\/fr_fr\/le-domaine-skiable\/\" class=\"more-link\">Lire la suite de<span class=\"screen-reader-text\">\u00ab\u00a0Le domaine skiable\u00a0\u00bb<\/span><\/a><\/p>\n","protected":false},"author":1,"featured_media":11,"parent":0,"menu_order":0,"comment_status":"closed","ping_status":"closed","template":"","meta":{"footnotes":""},"class_list":["post-64","page","type-page","status-publish","has-post-thumbnail","hentry"],"yoast_head":"<!-- This site is optimized with the Yoast SEO plugin v27.4 - https:\/\/yoast.com\/product\/yoast-seo-wordpress\/ -->\n<title>Le domaine skiable - DUPREZ-MONTAGNE.BE<\/title>\n<meta name=\"description\" content=\"Detail sur le domaine skiable des Coches\" \/>\n<meta name=\"robots\" content=\"index, follow, max-snippet:-1, max-image-preview:large, max-video-preview:-1\" \/>\n<link rel=\"canonical\" href=\"https:\/\/duprez-montagne.be\/fr_fr\/le-domaine-skiable\/\" \/>\n<meta property=\"og:locale\" content=\"fr_FR\" \/>\n<meta property=\"og:type\" content=\"article\" \/>\n<meta property=\"og:title\" content=\"Le domaine skiable - DUPREZ-MONTAGNE.BE\" \/>\n<meta property=\"og:description\" content=\"Detail sur le domaine skiable des Coches\" \/>\n<meta property=\"og:url\" content=\"https:\/\/duprez-montagne.be\/fr_fr\/le-domaine-skiable\/\" \/>\n<meta property=\"og:site_name\" content=\"DUPREZ-MONTAGNE.BE\" \/>\n<meta property=\"article:modified_time\" content=\"2023-05-18T17:07:09+00:00\" \/>\n<meta property=\"og:image\" content=\"https:\/\/duprez-montagne.be\/wp-content\/uploads\/2023\/02\/IMG_7079.jpg\" \/>\n\t<meta property=\"og:image:width\" content=\"1249\" \/>\n\t<meta property=\"og:image:height\" content=\"937\" \/>\n\t<meta property=\"og:image:type\" content=\"image\/jpeg\" \/>\n<meta name=\"twitter:card\" content=\"summary_large_image\" \/>\n<meta name=\"twitter:label1\" content=\"Dur\u00e9e de lecture estim\u00e9e\" \/>\n\t<meta name=\"twitter:data1\" content=\"4 minutes\" \/>\n<script type=\"application\/ld+json\" class=\"yoast-schema-graph\">{\"@context\":\"https:\\\/\\\/schema.org\",\"@graph\":[{\"@type\":\"WebPage\",\"@id\":\"https:\\\/\\\/duprez-montagne.be\\\/le-domaine-skiable\\\/\",\"url\":\"https:\\\/\\\/duprez-montagne.be\\\/le-domaine-skiable\\\/\",\"name\":\"Le domaine skiable - DUPREZ-MONTAGNE.BE\",\"isPartOf\":{\"@id\":\"https:\\\/\\\/duprez-montagne.be\\\/fr_fr\\\/#website\"},\"primaryImageOfPage\":{\"@id\":\"https:\\\/\\\/duprez-montagne.be\\\/le-domaine-skiable\\\/#primaryimage\"},\"image\":{\"@id\":\"https:\\\/\\\/duprez-montagne.be\\\/le-domaine-skiable\\\/#primaryimage\"},\"thumbnailUrl\":\"https:\\\/\\\/duprez-montagne.be\\\/wp-content\\\/uploads\\\/2023\\\/02\\\/IMG_7079.jpg\",\"datePublished\":\"2023-02-24T09:55:01+00:00\",\"dateModified\":\"2023-05-18T17:07:09+00:00\",\"description\":\"Detail sur le domaine skiable des Coches\",\"breadcrumb\":{\"@id\":\"https:\\\/\\\/duprez-montagne.be\\\/le-domaine-skiable\\\/#breadcrumb\"},\"inLanguage\":\"fr-FR\",\"potentialAction\":[{\"@type\":\"ReadAction\",\"target\":[\"https:\\\/\\\/duprez-montagne.be\\\/le-domaine-skiable\\\/\"]}]},{\"@type\":\"ImageObject\",\"inLanguage\":\"fr-FR\",\"@id\":\"https:\\\/\\\/duprez-montagne.be\\\/le-domaine-skiable\\\/#primaryimage\",\"url\":\"https:\\\/\\\/duprez-montagne.be\\\/wp-content\\\/uploads\\\/2023\\\/02\\\/IMG_7079.jpg\",\"contentUrl\":\"https:\\\/\\\/duprez-montagne.be\\\/wp-content\\\/uploads\\\/2023\\\/02\\\/IMG_7079.jpg\",\"width\":1249,\"height\":937},{\"@type\":\"BreadcrumbList\",\"@id\":\"https:\\\/\\\/duprez-montagne.be\\\/le-domaine-skiable\\\/#breadcrumb\",\"itemListElement\":[{\"@type\":\"ListItem\",\"position\":1,\"name\":\"Accueil\",\"item\":\"https:\\\/\\\/duprez-montagne.be\\\/fr_fr\\\/\"},{\"@type\":\"ListItem\",\"position\":2,\"name\":\"Le domaine skiable\"}]},{\"@type\":\"WebSite\",\"@id\":\"https:\\\/\\\/duprez-montagne.be\\\/fr_fr\\\/#website\",\"url\":\"https:\\\/\\\/duprez-montagne.be\\\/fr_fr\\\/\",\"name\":\"DUPREZ-MONTAGNE.BE\",\"description\":\"Location appartement aux coches\",\"publisher\":{\"@id\":\"https:\\\/\\\/duprez-montagne.be\\\/fr_fr\\\/#organization\"},\"potentialAction\":[{\"@type\":\"SearchAction\",\"target\":{\"@type\":\"EntryPoint\",\"urlTemplate\":\"https:\\\/\\\/duprez-montagne.be\\\/fr_fr\\\/?s={search_term_string}\"},\"query-input\":{\"@type\":\"PropertyValueSpecification\",\"valueRequired\":true,\"valueName\":\"search_term_string\"}}],\"inLanguage\":\"fr-FR\"},{\"@type\":\"Organization\",\"@id\":\"https:\\\/\\\/duprez-montagne.be\\\/fr_fr\\\/#organization\",\"name\":\"DUPREZ-MONTAGNE.BE\",\"url\":\"https:\\\/\\\/duprez-montagne.be\\\/fr_fr\\\/\",\"logo\":{\"@type\":\"ImageObject\",\"inLanguage\":\"fr-FR\",\"@id\":\"https:\\\/\\\/duprez-montagne.be\\\/fr_fr\\\/#\\\/schema\\\/logo\\\/image\\\/\",\"url\":\"https:\\\/\\\/www.duprez-montagne.be\\\/wp-content\\\/uploads\\\/2023\\\/05\\\/logo_2.png\",\"contentUrl\":\"https:\\\/\\\/www.duprez-montagne.be\\\/wp-content\\\/uploads\\\/2023\\\/05\\\/logo_2.png\",\"width\":364,\"height\":295,\"caption\":\"DUPREZ-MONTAGNE.BE\"},\"image\":{\"@id\":\"https:\\\/\\\/duprez-montagne.be\\\/fr_fr\\\/#\\\/schema\\\/logo\\\/image\\\/\"}}]}<\/script>\n<!-- \/ Yoast SEO plugin. -->","yoast_head_json":{"title":"Le domaine skiable - DUPREZ-MONTAGNE.BE","description":"Detail sur le domaine skiable des Coches","robots":{"index":"index","follow":"follow","max-snippet":"max-snippet:-1","max-image-preview":"max-image-preview:large","max-video-preview":"max-video-preview:-1"},"canonical":"https:\/\/duprez-montagne.be\/fr_fr\/le-domaine-skiable\/","og_locale":"fr_FR","og_type":"article","og_title":"Le domaine skiable - DUPREZ-MONTAGNE.BE","og_description":"Detail sur le domaine skiable des Coches","og_url":"https:\/\/duprez-montagne.be\/fr_fr\/le-domaine-skiable\/","og_site_name":"DUPREZ-MONTAGNE.BE","article_modified_time":"2023-05-18T17:07:09+00:00","og_image":[{"width":1249,"height":937,"url":"https:\/\/duprez-montagne.be\/wp-content\/uploads\/2023\/02\/IMG_7079.jpg","type":"image\/jpeg"}],"twitter_card":"summary_large_image","twitter_misc":{"Dur\u00e9e de lecture estim\u00e9e":"4 minutes"},"schema":{"@context":"https:\/\/schema.org","@graph":[{"@type":"WebPage","@id":"https:\/\/duprez-montagne.be\/le-domaine-skiable\/","url":"https:\/\/duprez-montagne.be\/le-domaine-skiable\/","name":"Le domaine skiable - DUPREZ-MONTAGNE.BE","isPartOf":{"@id":"https:\/\/duprez-montagne.be\/fr_fr\/#website"},"primaryImageOfPage":{"@id":"https:\/\/duprez-montagne.be\/le-domaine-skiable\/#primaryimage"},"image":{"@id":"https:\/\/duprez-montagne.be\/le-domaine-skiable\/#primaryimage"},"thumbnailUrl":"https:\/\/duprez-montagne.be\/wp-content\/uploads\/2023\/02\/IMG_7079.jpg","datePublished":"2023-02-24T09:55:01+00:00","dateModified":"2023-05-18T17:07:09+00:00","description":"Detail sur le domaine skiable des Coches","breadcrumb":{"@id":"https:\/\/duprez-montagne.be\/le-domaine-skiable\/#breadcrumb"},"inLanguage":"fr-FR","potentialAction":[{"@type":"ReadAction","target":["https:\/\/duprez-montagne.be\/le-domaine-skiable\/"]}]},{"@type":"ImageObject","inLanguage":"fr-FR","@id":"https:\/\/duprez-montagne.be\/le-domaine-skiable\/#primaryimage","url":"https:\/\/duprez-montagne.be\/wp-content\/uploads\/2023\/02\/IMG_7079.jpg","contentUrl":"https:\/\/duprez-montagne.be\/wp-content\/uploads\/2023\/02\/IMG_7079.jpg","width":1249,"height":937},{"@type":"BreadcrumbList","@id":"https:\/\/duprez-montagne.be\/le-domaine-skiable\/#breadcrumb","itemListElement":[{"@type":"ListItem","position":1,"name":"Accueil","item":"https:\/\/duprez-montagne.be\/fr_fr\/"},{"@type":"ListItem","position":2,"name":"Le domaine skiable"}]},{"@type":"WebSite","@id":"https:\/\/duprez-montagne.be\/fr_fr\/#website","url":"https:\/\/duprez-montagne.be\/fr_fr\/","name":"DUPREZ-MONTAGNE.BE","description":"Location appartement aux coches","publisher":{"@id":"https:\/\/duprez-montagne.be\/fr_fr\/#organization"},"potentialAction":[{"@type":"SearchAction","target":{"@type":"EntryPoint","urlTemplate":"https:\/\/duprez-montagne.be\/fr_fr\/?s={search_term_string}"},"query-input":{"@type":"PropertyValueSpecification","valueRequired":true,"valueName":"search_term_string"}}],"inLanguage":"fr-FR"},{"@type":"Organization","@id":"https:\/\/duprez-montagne.be\/fr_fr\/#organization","name":"DUPREZ-MONTAGNE.BE","url":"https:\/\/duprez-montagne.be\/fr_fr\/","logo":{"@type":"ImageObject","inLanguage":"fr-FR","@id":"https:\/\/duprez-montagne.be\/fr_fr\/#\/schema\/logo\/image\/","url":"https:\/\/www.duprez-montagne.be\/wp-content\/uploads\/2023\/05\/logo_2.png","contentUrl":"https:\/\/www.duprez-montagne.be\/wp-content\/uploads\/2023\/05\/logo_2.png","width":364,"height":295,"caption":"DUPREZ-MONTAGNE.BE"},"image":{"@id":"https:\/\/duprez-montagne.be\/fr_fr\/#\/schema\/logo\/image\/"}}]}},"_links":{"self":[{"href":"https:\/\/duprez-montagne.be\/fr_fr\/wp-json\/wp\/v2\/pages\/64","targetHints":{"allow":["GET"]}}],"collection":[{"href":"https:\/\/duprez-montagne.be\/fr_fr\/wp-json\/wp\/v2\/pages"}],"about":[{"href":"https:\/\/duprez-montagne.be\/fr_fr\/wp-json\/wp\/v2\/types\/page"}],"author":[{"embeddable":true,"href":"https:\/\/duprez-montagne.be\/fr_fr\/wp-json\/wp\/v2\/users\/1"}],"replies":[{"embeddable":true,"href":"https:\/\/duprez-montagne.be\/fr_fr\/wp-json\/wp\/v2\/comments?post=64"}],"version-history":[{"count":1,"href":"https:\/\/duprez-montagne.be\/fr_fr\/wp-json\/wp\/v2\/pages\/64\/revisions"}],"predecessor-version":[{"id":309,"href":"https:\/\/duprez-montagne.be\/fr_fr\/wp-json\/wp\/v2\/pages\/64\/revisions\/309"}],"wp:featuredmedia":[{"embeddable":true,"href":"https:\/\/duprez-montagne.be\/fr_fr\/wp-json\/wp\/v2\/media\/11"}],"wp:attachment":[{"href":"https:\/\/duprez-montagne.be\/fr_fr\/wp-json\/wp\/v2\/media?parent=64"}],"curies":[{"name":"wp","href":"https:\/\/api.w.org\/{rel}","templated":true}]}}