{"id":89,"date":"2023-02-24T15:48:15","date_gmt":"2023-02-24T14:48:15","guid":{"rendered":"http:\/\/duprez-montagne.be\/?page_id=89"},"modified":"2025-10-28T22:30:39","modified_gmt":"2025-10-28T21:30:39","slug":"la-residence","status":"publish","type":"page","link":"https:\/\/duprez-montagne.be\/en\/la-residence\/","title":{"rendered":"The Residency"},"content":{"rendered":"<div data-elementor-type=\"wp-page\" data-elementor-id=\"89\" class=\"elementor elementor-89\">\n\t\t\t\t\t\t<section class=\"elementor-section elementor-top-section elementor-element elementor-element-5bf396b elementor-section-boxed elementor-section-height-default elementor-section-height-default\" data-id=\"5bf396b\" data-element_type=\"section\" data-e-type=\"section\">\n\t\t\t\t\t\t<div class=\"elementor-container elementor-column-gap-default\">\n\t\t\t\t\t<div class=\"elementor-column elementor-col-100 elementor-top-column elementor-element elementor-element-2d4fcaf\" data-id=\"2d4fcaf\" data-element_type=\"column\" data-e-type=\"column\">\n\t\t\t<div class=\"elementor-widget-wrap elementor-element-populated\">\n\t\t\t\t\t\t<div class=\"elementor-element elementor-element-cb4c20d elementor-widget elementor-widget-heading\" data-id=\"cb4c20d\" data-element_type=\"widget\" data-e-type=\"widget\" data-widget_type=\"heading.default\">\n\t\t\t\t<div class=\"elementor-widget-container\">\n\t\t\t\t\t<h2 class=\"elementor-heading-title elementor-size-default\">The residence at Les Coches<\/h2>\t\t\t\t<\/div>\n\t\t\t\t<\/div>\n\t\t\t\t\t<\/div>\n\t\t<\/div>\n\t\t\t\t\t<\/div>\n\t\t<\/section>\n\t\t\t\t<section class=\"elementor-section elementor-top-section elementor-element elementor-element-b371749 elementor-section-boxed elementor-section-height-default elementor-section-height-default\" data-id=\"b371749\" data-element_type=\"section\" data-e-type=\"section\">\n\t\t\t\t\t\t<div class=\"elementor-container elementor-column-gap-default\">\n\t\t\t\t\t<div class=\"elementor-column elementor-col-100 elementor-top-column elementor-element elementor-element-f4f5294\" data-id=\"f4f5294\" data-element_type=\"column\" data-e-type=\"column\">\n\t\t\t<div class=\"elementor-widget-wrap elementor-element-populated\">\n\t\t\t\t\t\t<div class=\"elementor-element elementor-element-790a45b elementor-arrows-position-inside elementor-pagination-position-outside elementor-widget elementor-widget-image-carousel\" data-id=\"790a45b\" data-element_type=\"widget\" data-e-type=\"widget\" data-settings=\"{&quot;navigation&quot;:&quot;both&quot;,&quot;autoplay&quot;:&quot;yes&quot;,&quot;pause_on_hover&quot;:&quot;yes&quot;,&quot;pause_on_interaction&quot;:&quot;yes&quot;,&quot;autoplay_speed&quot;:5000,&quot;infinite&quot;:&quot;yes&quot;,&quot;speed&quot;:500}\" data-widget_type=\"image-carousel.default\">\n\t\t\t\t<div class=\"elementor-widget-container\">\n\t\t\t\t\t\t\t<div class=\"elementor-image-carousel-wrapper swiper\" role=\"region\" aria-roledescription=\"carousel\" aria-label=\"Carrousel d\u2019images\" dir=\"ltr\">\n\t\t\t<div class=\"elementor-image-carousel swiper-wrapper\" aria-live=\"off\">\n\t\t\t\t\t\t\t\t<div class=\"swiper-slide\" role=\"group\" aria-roledescription=\"slide\" aria-label=\"1 sur 4\"><figure class=\"swiper-slide-inner\"><img decoding=\"async\" class=\"swiper-slide-image\" src=\"https:\/\/duprez-montagne.be\/wp-content\/uploads\/2023\/02\/la-residence-300x199.jpg\" alt=\"la residence\" \/><\/figure><\/div><div class=\"swiper-slide\" role=\"group\" aria-roledescription=\"slide\" aria-label=\"2 sur 4\"><figure class=\"swiper-slide-inner\"><img decoding=\"async\" class=\"swiper-slide-image\" src=\"https:\/\/duprez-montagne.be\/wp-content\/uploads\/2023\/02\/la-residence_position_appart04-300x200.jpg\" alt=\"la residence_position_appart04\" \/><\/figure><\/div><div class=\"swiper-slide\" role=\"group\" aria-roledescription=\"slide\" aria-label=\"3 sur 4\"><figure class=\"swiper-slide-inner\"><img decoding=\"async\" class=\"swiper-slide-image\" src=\"https:\/\/duprez-montagne.be\/wp-content\/uploads\/2023\/02\/la-residence06-300x200.jpg\" alt=\"la residence06\" \/><\/figure><\/div><div class=\"swiper-slide\" role=\"group\" aria-roledescription=\"slide\" aria-label=\"4 sur 4\"><figure class=\"swiper-slide-inner\"><img decoding=\"async\" class=\"swiper-slide-image\" src=\"https:\/\/duprez-montagne.be\/wp-content\/uploads\/2023\/10\/IMG_7922-225x300.jpg\" alt=\"IMG_7922\" \/><\/figure><\/div>\t\t\t<\/div>\n\t\t\t\t\t\t\t\t\t\t\t\t<div class=\"elementor-swiper-button elementor-swiper-button-prev\" role=\"button\" tabindex=\"0\">\n\t\t\t\t\t\t<i aria-hidden=\"true\" class=\"eicon-chevron-left\"><\/i>\t\t\t\t\t<\/div>\n\t\t\t\t\t<div class=\"elementor-swiper-button elementor-swiper-button-next\" role=\"button\" tabindex=\"0\">\n\t\t\t\t\t\t<i aria-hidden=\"true\" class=\"eicon-chevron-right\"><\/i>\t\t\t\t\t<\/div>\n\t\t\t\t\n\t\t\t\t\t\t\t\t\t<div class=\"swiper-pagination\"><\/div>\n\t\t\t\t\t\t\t\t\t<\/div>\n\t\t\t\t\t\t<\/div>\n\t\t\t\t<\/div>\n\t\t\t\t<div class=\"elementor-element elementor-element-92424b4 elementor-widget elementor-widget-text-editor\" data-id=\"92424b4\" data-element_type=\"widget\" data-e-type=\"widget\" data-widget_type=\"text-editor.default\">\n\t\t\t\t<div class=\"elementor-widget-container\">\n\t\t\t\t\t\t\t\t\t<p>La r\u00e9sidence est tr\u00e8s bien situ\u00e9e \u00e0 200m des commerces et des cours de ski.<\/p><p class=\"translation-block\">The \"Plan Bois\" chairlift serves the \"Vanoise Express\" which connects the Domaine des Arcs and the domain of La Plagne.<strong><br><\/strong>Thus, you will be able to access<strong> the PARADISKI ski area of \u200b\u200b425 km of tracks.<\/strong><\/p><p>En \u00e9t\u00e9, vous pourrez \u00e9galement profiter de ce cadre enchanteur pour faire de belle randonn\u00e9e ou encore profiter des nombreuses pistes VTT qu&rsquo;offre le domaine.<\/p><p class=\"translation-block\"><strong>During seasons and on site,<\/strong> during your stay enjoy a <strong>heated indoor swimming pool<\/strong> (10m x 5m - depth: 0.50 to 1.40m).<\/p><p>Un casier \u00e0 skis personnel est \u00e9galement disponible au niveau 14.<\/p><p>A laundry is at your disposal on level 8, payment by credit card.<\/p><p>La r\u00e9ception et les animations Go\u00e9lia ne sont quant \u00e0 elles pas accessibles.<\/p>\t\t\t\t\t\t\t\t<\/div>\n\t\t\t\t<\/div>\n\t\t\t\t\t<\/div>\n\t\t<\/div>\n\t\t\t\t\t<\/div>\n\t\t<\/section>\n\t\t\t\t<section class=\"elementor-section elementor-top-section elementor-element elementor-element-3fd1009 elementor-section-boxed elementor-section-height-default elementor-section-height-default\" data-id=\"3fd1009\" data-element_type=\"section\" data-e-type=\"section\">\n\t\t\t\t\t\t<div class=\"elementor-container elementor-column-gap-default\">\n\t\t\t\t\t<div class=\"elementor-column elementor-col-100 elementor-top-column elementor-element elementor-element-66d1736\" data-id=\"66d1736\" data-element_type=\"column\" data-e-type=\"column\">\n\t\t\t<div class=\"elementor-widget-wrap elementor-element-populated\">\n\t\t\t\t\t\t<div class=\"elementor-element elementor-element-31ad206 elementor-widget elementor-widget-image\" data-id=\"31ad206\" data-element_type=\"widget\" data-e-type=\"widget\" data-widget_type=\"image.default\">\n\t\t\t\t<div class=\"elementor-widget-container\">\n\t\t\t\t\t\t\t\t\t\t\t\t<figure class=\"wp-caption\">\n\t\t\t\t\t\t\t\t\t\t\t<a href=\"https:\/\/www.la-plagne.com\/montchavin-les-coches\">\n\t\t\t\t\t\t\t<img fetchpriority=\"high\" decoding=\"async\" width=\"541\" height=\"333\" src=\"https:\/\/duprez-montagne.be\/wp-content\/uploads\/2023\/02\/logo_plagne.png\" class=\"attachment-large size-large wp-image-102\" alt=\"\" srcset=\"https:\/\/duprez-montagne.be\/wp-content\/uploads\/2023\/02\/logo_plagne.png 541w, https:\/\/duprez-montagne.be\/wp-content\/uploads\/2023\/02\/logo_plagne-300x185.png 300w, https:\/\/duprez-montagne.be\/wp-content\/uploads\/2023\/02\/logo_plagne-18x12.png 18w\" sizes=\"100vw\" \/>\t\t\t\t\t\t\t\t<\/a>\n\t\t\t\t\t\t\t\t\t\t\t<figcaption class=\"widget-image-caption wp-caption-text\">More info at Tourist office of Monchavin - Les coches<\/figcaption>\n\t\t\t\t\t\t\t\t\t\t<\/figure>\n\t\t\t\t\t\t\t\t\t<\/div>\n\t\t\t\t<\/div>\n\t\t\t\t\t<\/div>\n\t\t<\/div>\n\t\t\t\t\t<\/div>\n\t\t<\/section>\n\t\t\t\t<\/div>","protected":false},"excerpt":{"rendered":"<p>La r\u00e9sidence aux Coches La r\u00e9sidence est tr\u00e8s bien situ\u00e9e \u00e0 200m des commerces et des cours de ski. Le t\u00e9l\u00e9si\u00e8ge \u00ab\u00a0Plan Bois\u00a0\u00bb dessert le \u00ab\u00a0Vanoise Express\u00a0\u00bb qui relie le &hellip; <\/p>\n<p class=\"link-more\"><a href=\"https:\/\/duprez-montagne.be\/en\/la-residence\/\" class=\"more-link\">Read more<span class=\"screen-reader-text\"> \u00ab\u00a0La r\u00e9sidence\u00a0\u00bb<\/span><\/a><\/p>","protected":false},"author":1,"featured_media":35,"parent":0,"menu_order":0,"comment_status":"closed","ping_status":"closed","template":"","meta":{"footnotes":""},"class_list":["post-89","page","type-page","status-publish","has-post-thumbnail","hentry"],"yoast_head":"<!-- This site is optimized with the Yoast SEO plugin v27.4 - https:\/\/yoast.com\/product\/yoast-seo-wordpress\/ -->\n<title>Residence aux Coches<\/title>\n<meta name=\"description\" content=\"R\u00e9sidence aux Coches dans le domaine de la plagne avec Piscine et proche du centre du village et des pistes de ski\" \/>\n<meta name=\"robots\" content=\"index, follow, max-snippet:-1, max-image-preview:large, max-video-preview:-1\" \/>\n<link rel=\"canonical\" href=\"https:\/\/duprez-montagne.be\/en\/la-residence\/\" \/>\n<meta property=\"og:locale\" content=\"en_GB\" \/>\n<meta property=\"og:type\" content=\"article\" \/>\n<meta property=\"og:title\" content=\"Residence aux Coches\" \/>\n<meta property=\"og:description\" content=\"R\u00e9sidence aux Coches dans le domaine de la plagne avec Piscine et proche du centre du village et des pistes de ski\" \/>\n<meta property=\"og:url\" content=\"https:\/\/duprez-montagne.be\/en\/la-residence\/\" \/>\n<meta property=\"og:site_name\" content=\"DUPREZ-MONTAGNE.BE\" \/>\n<meta property=\"article:modified_time\" content=\"2025-10-28T21:30:39+00:00\" \/>\n<meta property=\"og:image\" content=\"https:\/\/duprez-montagne.be\/wp-content\/uploads\/2023\/02\/la-residence.jpg\" \/>\n\t<meta property=\"og:image:width\" content=\"1920\" \/>\n\t<meta property=\"og:image:height\" content=\"1275\" \/>\n\t<meta property=\"og:image:type\" content=\"image\/jpeg\" \/>\n<meta name=\"twitter:card\" content=\"summary_large_image\" \/>\n<meta name=\"twitter:label1\" content=\"Estimated reading time\" \/>\n\t<meta name=\"twitter:data1\" content=\"3 minutes\" \/>\n<script type=\"application\/ld+json\" class=\"yoast-schema-graph\">{\"@context\":\"https:\\\/\\\/schema.org\",\"@graph\":[{\"@type\":[\"WebPage\",\"AboutPage\"],\"@id\":\"https:\\\/\\\/duprez-montagne.be\\\/fr_fr\\\/la-residence\\\/\",\"url\":\"https:\\\/\\\/duprez-montagne.be\\\/fr_fr\\\/la-residence\\\/\",\"name\":\"Residence aux Coches\",\"isPartOf\":{\"@id\":\"https:\\\/\\\/duprez-montagne.be\\\/fr_fr\\\/#website\"},\"primaryImageOfPage\":{\"@id\":\"https:\\\/\\\/duprez-montagne.be\\\/fr_fr\\\/la-residence\\\/#primaryimage\"},\"image\":{\"@id\":\"https:\\\/\\\/duprez-montagne.be\\\/fr_fr\\\/la-residence\\\/#primaryimage\"},\"thumbnailUrl\":\"https:\\\/\\\/duprez-montagne.be\\\/wp-content\\\/uploads\\\/2023\\\/02\\\/la-residence.jpg\",\"datePublished\":\"2023-02-24T14:48:15+00:00\",\"dateModified\":\"2025-10-28T21:30:39+00:00\",\"description\":\"R\u00e9sidence aux Coches dans le domaine de la plagne avec Piscine et proche du centre du village et des pistes de ski\",\"breadcrumb\":{\"@id\":\"https:\\\/\\\/duprez-montagne.be\\\/fr_fr\\\/la-residence\\\/#breadcrumb\"},\"inLanguage\":\"en-GB\",\"potentialAction\":[{\"@type\":\"ReadAction\",\"target\":[\"https:\\\/\\\/duprez-montagne.be\\\/fr_fr\\\/la-residence\\\/\"]}]},{\"@type\":\"ImageObject\",\"inLanguage\":\"en-GB\",\"@id\":\"https:\\\/\\\/duprez-montagne.be\\\/fr_fr\\\/la-residence\\\/#primaryimage\",\"url\":\"https:\\\/\\\/duprez-montagne.be\\\/wp-content\\\/uploads\\\/2023\\\/02\\\/la-residence.jpg\",\"contentUrl\":\"https:\\\/\\\/duprez-montagne.be\\\/wp-content\\\/uploads\\\/2023\\\/02\\\/la-residence.jpg\",\"width\":1920,\"height\":1275},{\"@type\":\"BreadcrumbList\",\"@id\":\"https:\\\/\\\/duprez-montagne.be\\\/fr_fr\\\/la-residence\\\/#breadcrumb\",\"itemListElement\":[{\"@type\":\"ListItem\",\"position\":1,\"name\":\"Accueil\",\"item\":\"https:\\\/\\\/duprez-montagne.be\\\/fr_fr\\\/\"},{\"@type\":\"ListItem\",\"position\":2,\"name\":\"La r\u00e9sidence\"}]},{\"@type\":\"WebSite\",\"@id\":\"https:\\\/\\\/duprez-montagne.be\\\/fr_fr\\\/#website\",\"url\":\"https:\\\/\\\/duprez-montagne.be\\\/fr_fr\\\/\",\"name\":\"DUPREZ-MONTAGNE.BE\",\"description\":\"Location appartement aux coches\",\"publisher\":{\"@id\":\"https:\\\/\\\/duprez-montagne.be\\\/fr_fr\\\/#organization\"},\"potentialAction\":[{\"@type\":\"SearchAction\",\"target\":{\"@type\":\"EntryPoint\",\"urlTemplate\":\"https:\\\/\\\/duprez-montagne.be\\\/fr_fr\\\/?s={search_term_string}\"},\"query-input\":{\"@type\":\"PropertyValueSpecification\",\"valueRequired\":true,\"valueName\":\"search_term_string\"}}],\"inLanguage\":\"en-GB\"},{\"@type\":\"Organization\",\"@id\":\"https:\\\/\\\/duprez-montagne.be\\\/fr_fr\\\/#organization\",\"name\":\"DUPREZ-MONTAGNE.BE\",\"url\":\"https:\\\/\\\/duprez-montagne.be\\\/fr_fr\\\/\",\"logo\":{\"@type\":\"ImageObject\",\"inLanguage\":\"en-GB\",\"@id\":\"https:\\\/\\\/duprez-montagne.be\\\/fr_fr\\\/#\\\/schema\\\/logo\\\/image\\\/\",\"url\":\"https:\\\/\\\/www.duprez-montagne.be\\\/wp-content\\\/uploads\\\/2023\\\/05\\\/logo_2.png\",\"contentUrl\":\"https:\\\/\\\/www.duprez-montagne.be\\\/wp-content\\\/uploads\\\/2023\\\/05\\\/logo_2.png\",\"width\":364,\"height\":295,\"caption\":\"DUPREZ-MONTAGNE.BE\"},\"image\":{\"@id\":\"https:\\\/\\\/duprez-montagne.be\\\/fr_fr\\\/#\\\/schema\\\/logo\\\/image\\\/\"}}]}<\/script>\n<!-- \/ Yoast SEO plugin. -->","yoast_head_json":{"title":"Residence aux Coches","description":"R\u00e9sidence aux Coches dans le domaine de la plagne avec Piscine et proche du centre du village et des pistes de ski","robots":{"index":"index","follow":"follow","max-snippet":"max-snippet:-1","max-image-preview":"max-image-preview:large","max-video-preview":"max-video-preview:-1"},"canonical":"https:\/\/duprez-montagne.be\/en\/la-residence\/","og_locale":"en_GB","og_type":"article","og_title":"Residence aux Coches","og_description":"R\u00e9sidence aux Coches dans le domaine de la plagne avec Piscine et proche du centre du village et des pistes de ski","og_url":"https:\/\/duprez-montagne.be\/en\/la-residence\/","og_site_name":"DUPREZ-MONTAGNE.BE","article_modified_time":"2025-10-28T21:30:39+00:00","og_image":[{"width":1920,"height":1275,"url":"https:\/\/duprez-montagne.be\/wp-content\/uploads\/2023\/02\/la-residence.jpg","type":"image\/jpeg"}],"twitter_card":"summary_large_image","twitter_misc":{"Estimated reading time":"3 minutes"},"schema":{"@context":"https:\/\/schema.org","@graph":[{"@type":["WebPage","AboutPage"],"@id":"https:\/\/duprez-montagne.be\/fr_fr\/la-residence\/","url":"https:\/\/duprez-montagne.be\/fr_fr\/la-residence\/","name":"Residence aux Coches","isPartOf":{"@id":"https:\/\/duprez-montagne.be\/fr_fr\/#website"},"primaryImageOfPage":{"@id":"https:\/\/duprez-montagne.be\/fr_fr\/la-residence\/#primaryimage"},"image":{"@id":"https:\/\/duprez-montagne.be\/fr_fr\/la-residence\/#primaryimage"},"thumbnailUrl":"https:\/\/duprez-montagne.be\/wp-content\/uploads\/2023\/02\/la-residence.jpg","datePublished":"2023-02-24T14:48:15+00:00","dateModified":"2025-10-28T21:30:39+00:00","description":"R\u00e9sidence aux Coches dans le domaine de la plagne avec Piscine et proche du centre du village et des pistes de ski","breadcrumb":{"@id":"https:\/\/duprez-montagne.be\/fr_fr\/la-residence\/#breadcrumb"},"inLanguage":"en-GB","potentialAction":[{"@type":"ReadAction","target":["https:\/\/duprez-montagne.be\/fr_fr\/la-residence\/"]}]},{"@type":"ImageObject","inLanguage":"en-GB","@id":"https:\/\/duprez-montagne.be\/fr_fr\/la-residence\/#primaryimage","url":"https:\/\/duprez-montagne.be\/wp-content\/uploads\/2023\/02\/la-residence.jpg","contentUrl":"https:\/\/duprez-montagne.be\/wp-content\/uploads\/2023\/02\/la-residence.jpg","width":1920,"height":1275},{"@type":"BreadcrumbList","@id":"https:\/\/duprez-montagne.be\/fr_fr\/la-residence\/#breadcrumb","itemListElement":[{"@type":"ListItem","position":1,"name":"Accueil","item":"https:\/\/duprez-montagne.be\/fr_fr\/"},{"@type":"ListItem","position":2,"name":"La r\u00e9sidence"}]},{"@type":"WebSite","@id":"https:\/\/duprez-montagne.be\/fr_fr\/#website","url":"https:\/\/duprez-montagne.be\/fr_fr\/","name":"DUPREZ-MONTAGNE.BE","description":"Location appartement aux coches","publisher":{"@id":"https:\/\/duprez-montagne.be\/fr_fr\/#organization"},"potentialAction":[{"@type":"SearchAction","target":{"@type":"EntryPoint","urlTemplate":"https:\/\/duprez-montagne.be\/fr_fr\/?s={search_term_string}"},"query-input":{"@type":"PropertyValueSpecification","valueRequired":true,"valueName":"search_term_string"}}],"inLanguage":"en-GB"},{"@type":"Organization","@id":"https:\/\/duprez-montagne.be\/fr_fr\/#organization","name":"DUPREZ-MONTAGNE.BE","url":"https:\/\/duprez-montagne.be\/fr_fr\/","logo":{"@type":"ImageObject","inLanguage":"en-GB","@id":"https:\/\/duprez-montagne.be\/fr_fr\/#\/schema\/logo\/image\/","url":"https:\/\/www.duprez-montagne.be\/wp-content\/uploads\/2023\/05\/logo_2.png","contentUrl":"https:\/\/www.duprez-montagne.be\/wp-content\/uploads\/2023\/05\/logo_2.png","width":364,"height":295,"caption":"DUPREZ-MONTAGNE.BE"},"image":{"@id":"https:\/\/duprez-montagne.be\/fr_fr\/#\/schema\/logo\/image\/"}}]}},"_links":{"self":[{"href":"https:\/\/duprez-montagne.be\/en\/wp-json\/wp\/v2\/pages\/89","targetHints":{"allow":["GET"]}}],"collection":[{"href":"https:\/\/duprez-montagne.be\/en\/wp-json\/wp\/v2\/pages"}],"about":[{"href":"https:\/\/duprez-montagne.be\/en\/wp-json\/wp\/v2\/types\/page"}],"author":[{"embeddable":true,"href":"https:\/\/duprez-montagne.be\/en\/wp-json\/wp\/v2\/users\/1"}],"replies":[{"embeddable":true,"href":"https:\/\/duprez-montagne.be\/en\/wp-json\/wp\/v2\/comments?post=89"}],"version-history":[{"count":32,"href":"https:\/\/duprez-montagne.be\/en\/wp-json\/wp\/v2\/pages\/89\/revisions"}],"predecessor-version":[{"id":701,"href":"https:\/\/duprez-montagne.be\/en\/wp-json\/wp\/v2\/pages\/89\/revisions\/701"}],"wp:featuredmedia":[{"embeddable":true,"href":"https:\/\/duprez-montagne.be\/en\/wp-json\/wp\/v2\/media\/35"}],"wp:attachment":[{"href":"https:\/\/duprez-montagne.be\/en\/wp-json\/wp\/v2\/media?parent=89"}],"curies":[{"name":"wp","href":"https:\/\/api.w.org\/{rel}","templated":true}]}}