{"id":7,"date":"2023-02-23T15:45:51","date_gmt":"2023-02-23T14:45:51","guid":{"rendered":"http:\/\/duprez-montagne.be\/?page_id=7"},"modified":"2023-11-03T18:37:16","modified_gmt":"2023-11-03T17:37:16","slug":"la-station-des-coches","status":"publish","type":"page","link":"https:\/\/duprez-montagne.be\/en\/la-station-des-coches\/","title":{"rendered":"The village"},"content":{"rendered":"<div data-elementor-type=\"wp-page\" data-elementor-id=\"7\" class=\"elementor elementor-7\">\n\t\t\t\t\t\t<section class=\"elementor-section elementor-top-section elementor-element elementor-element-719c0535 elementor-section-boxed elementor-section-height-default elementor-section-height-default\" data-id=\"719c0535\" data-element_type=\"section\" data-e-type=\"section\">\n\t\t\t\t\t\t<div class=\"elementor-container elementor-column-gap-default\">\n\t\t\t\t\t<div class=\"elementor-column elementor-col-100 elementor-top-column elementor-element elementor-element-2514fea5\" data-id=\"2514fea5\" data-element_type=\"column\" data-e-type=\"column\">\n\t\t\t<div class=\"elementor-widget-wrap elementor-element-populated\">\n\t\t\t\t\t\t<div class=\"elementor-element elementor-element-5b833a96 elementor-widget elementor-widget-text-editor\" data-id=\"5b833a96\" data-element_type=\"widget\" data-e-type=\"widget\" data-widget_type=\"text-editor.default\">\n\t\t\t\t<div class=\"elementor-widget-container\">\n\t\t\t\t\t\t\t\t\t<h2>Your skiing holidays in Montchavin La Plagne<\/h2>\n<h2>a family resort-village, typical of the Alpine valleys.<\/h2>\t\t\t\t\t\t\t\t<\/div>\n\t\t\t\t<\/div>\n\t\t\t\t<div class=\"elementor-element elementor-element-98faeaa animated-slow elementor-invisible elementor-widget elementor-widget-image\" data-id=\"98faeaa\" data-element_type=\"widget\" data-e-type=\"widget\" data-settings=\"{&quot;_animation&quot;:&quot;fadeIn&quot;}\" data-widget_type=\"image.default\">\n\t\t\t\t<div class=\"elementor-widget-container\">\n\t\t\t\t\t\t\t\t\t\t\t\t\t\t\t\t<a href=\"https:\/\/www.la-plagne.com\/montchavin-les-coches\" target=\"_blank\">\n\t\t\t\t\t\t\t<img fetchpriority=\"high\" decoding=\"async\" width=\"768\" height=\"576\" src=\"https:\/\/duprez-montagne.be\/wp-content\/uploads\/2023\/02\/RESORT1-View-of-Les-Coches-768x576.jpg\" class=\"attachment-medium_large size-medium_large wp-image-32\" alt=\"\" srcset=\"https:\/\/duprez-montagne.be\/wp-content\/uploads\/2023\/02\/RESORT1-View-of-Les-Coches-768x576.jpg 768w, https:\/\/duprez-montagne.be\/wp-content\/uploads\/2023\/02\/RESORT1-View-of-Les-Coches-600x450.jpg 600w, https:\/\/duprez-montagne.be\/wp-content\/uploads\/2023\/02\/RESORT1-View-of-Les-Coches-300x225.jpg 300w, https:\/\/duprez-montagne.be\/wp-content\/uploads\/2023\/02\/RESORT1-View-of-Les-Coches-16x12.jpg 16w, https:\/\/duprez-montagne.be\/wp-content\/uploads\/2023\/02\/RESORT1-View-of-Les-Coches.jpg 800w\" sizes=\"100vw\" \/>\t\t\t\t\t\t\t\t<\/a>\n\t\t\t\t\t\t\t\t\t\t\t\t\t\t\t<\/div>\n\t\t\t\t<\/div>\n\t\t\t\t<div class=\"elementor-element elementor-element-9a58bdb elementor-widget elementor-widget-text-editor\" data-id=\"9a58bdb\" data-element_type=\"widget\" data-e-type=\"widget\" data-widget_type=\"text-editor.default\">\n\t\t\t\t<div class=\"elementor-widget-container\">\n\t\t\t\t\t\t\t\t\t<div class=\"translation-block\">Ideally located on a panoramic balcony in the heart of the Tarentaise valley, the resort of Montchavin-Les Coches is made up of two sites: Montchavin, the traditional village (<strong>1250 meters above sea level<\/strong>), and Les Coches, more modern, which has retained the traditional architecture (<strong>1450 meters above sea level<\/strong>).<br> <strong>Labeled \"Family Plus\"<\/strong>, it is the <strong>family resort par excellence<\/strong>: car-free resort, structures optimized for the reception of children from 6 months, entertainment, non-skiing activities , soft altitude etc.<\/div><div>\u00a0<\/div><div class=\"translation-block\">In Montchavin La Plagne, you are really in the heart of the <strong>huge Paradiski ski area<\/strong>, since you live at the foot of the Vanoise-Express, the largest cable car in the world (200 places) which connects the 2 massifs : La Plagne and Les Arcs.<\/div><div>\u00a0<\/div><div>La station est dot\u00e9e de tous commerces, restaurants, bars, laverie, artisans et de nombreux loisirs autres que le ski alpin : sortie d\u00e9couvertes, raquettes, rando et ski de fond, chiens de traineaux, itin\u00e9raires pi\u00e9tons, cinema, quad et m\u00eame du bobsleigh \u00e0 la Plagne.<\/div><div>\u00a0<\/div><div>Pour les enfants de 6 mois \u00e0 9 ans, le Jardin des Neiges et le mini-club se trouvent en plein centre du village et au pied des pistes.<\/div><div>\u00a0<\/div><div>Entertainment is organized during the winter and summer seasons, such as: Secure and free toboggan run, Daily entertainment (street show, clowns, cabaret, etc.)<\/div><div>\u00a0<\/div><div class=\"translation-block\">In terms of accessibility, it is <strong>possible to get to the station by all means<\/strong>: by car (but don't forget the chains!), by train (from Landry station, then bus connections ) or by plane, with the airports of Chamb\u00e9ry, Geneva, Grenoble or Lyon (then take the various transfers offered at the airport, don't forget to book!).<\/div><div>\u00a0<\/div><div class=\"translation-block\">You will be able to enjoy <strong>guaranteed snow cover<\/strong> thanks to one of the most modern artificial snow networks and <strong>optimal sunshine<\/strong>, the location is perfect for a wonderful stay. skiing !<\/div>\t\t\t\t\t\t\t\t<\/div>\n\t\t\t\t<\/div>\n\t\t\t\t<section class=\"elementor-section elementor-inner-section elementor-element elementor-element-eb88d9e elementor-section-boxed elementor-section-height-default elementor-section-height-default\" data-id=\"eb88d9e\" data-element_type=\"section\" data-e-type=\"section\">\n\t\t\t\t\t\t<div class=\"elementor-container elementor-column-gap-default\">\n\t\t\t\t\t<div class=\"elementor-column elementor-col-50 elementor-inner-column elementor-element elementor-element-148fa39\" data-id=\"148fa39\" data-element_type=\"column\" data-e-type=\"column\">\n\t\t\t<div class=\"elementor-widget-wrap elementor-element-populated\">\n\t\t\t\t\t\t<div class=\"elementor-element elementor-element-3f3ce20 animated-slow elementor-invisible elementor-widget elementor-widget-image\" data-id=\"3f3ce20\" data-element_type=\"widget\" data-e-type=\"widget\" data-settings=\"{&quot;_animation&quot;:&quot;fadeInLeft&quot;}\" data-widget_type=\"image.default\">\n\t\t\t\t<div class=\"elementor-widget-container\">\n\t\t\t\t\t\t\t\t\t\t\t\t\t\t\t<img decoding=\"async\" width=\"950\" height=\"631\" src=\"https:\/\/duprez-montagne.be\/wp-content\/uploads\/2023\/02\/le-village01-1024x680.jpg\" class=\"attachment-large size-large wp-image-41\" alt=\"\" srcset=\"https:\/\/duprez-montagne.be\/wp-content\/uploads\/2023\/02\/le-village01-1024x680.jpg 1024w, https:\/\/duprez-montagne.be\/wp-content\/uploads\/2023\/02\/le-village01-600x398.jpg 600w, https:\/\/duprez-montagne.be\/wp-content\/uploads\/2023\/02\/le-village01-300x199.jpg 300w, https:\/\/duprez-montagne.be\/wp-content\/uploads\/2023\/02\/le-village01-768x510.jpg 768w, https:\/\/duprez-montagne.be\/wp-content\/uploads\/2023\/02\/le-village01-1536x1020.jpg 1536w, https:\/\/duprez-montagne.be\/wp-content\/uploads\/2023\/02\/le-village01-18x12.jpg 18w, https:\/\/duprez-montagne.be\/wp-content\/uploads\/2023\/02\/le-village01.jpg 1920w\" sizes=\"100vw\" \/>\t\t\t\t\t\t\t\t\t\t\t\t\t\t\t<\/div>\n\t\t\t\t<\/div>\n\t\t\t\t\t<\/div>\n\t\t<\/div>\n\t\t\t\t<div class=\"elementor-column elementor-col-50 elementor-inner-column elementor-element elementor-element-ba64b1b\" data-id=\"ba64b1b\" data-element_type=\"column\" data-e-type=\"column\">\n\t\t\t<div class=\"elementor-widget-wrap elementor-element-populated\">\n\t\t\t\t\t\t<div class=\"elementor-element elementor-element-e2b80ed animated-slow elementor-invisible elementor-widget elementor-widget-image\" data-id=\"e2b80ed\" data-element_type=\"widget\" data-e-type=\"widget\" data-settings=\"{&quot;_animation&quot;:&quot;fadeInRight&quot;}\" data-widget_type=\"image.default\">\n\t\t\t\t<div class=\"elementor-widget-container\">\n\t\t\t\t\t\t\t\t\t\t\t\t\t\t\t<img decoding=\"async\" width=\"950\" height=\"633\" src=\"https:\/\/duprez-montagne.be\/wp-content\/uploads\/2023\/02\/le-village02-1024x682.jpg\" class=\"attachment-large size-large wp-image-42\" alt=\"\" srcset=\"https:\/\/duprez-montagne.be\/wp-content\/uploads\/2023\/02\/le-village02-1024x682.jpg 1024w, https:\/\/duprez-montagne.be\/wp-content\/uploads\/2023\/02\/le-village02-600x399.jpg 600w, https:\/\/duprez-montagne.be\/wp-content\/uploads\/2023\/02\/le-village02-300x200.jpg 300w, https:\/\/duprez-montagne.be\/wp-content\/uploads\/2023\/02\/le-village02-768x511.jpg 768w, https:\/\/duprez-montagne.be\/wp-content\/uploads\/2023\/02\/le-village02-1536x1022.jpg 1536w, https:\/\/duprez-montagne.be\/wp-content\/uploads\/2023\/02\/le-village02-18x12.jpg 18w, https:\/\/duprez-montagne.be\/wp-content\/uploads\/2023\/02\/le-village02.jpg 1920w\" sizes=\"100vw\" \/>\t\t\t\t\t\t\t\t\t\t\t\t\t\t\t<\/div>\n\t\t\t\t<\/div>\n\t\t\t\t\t<\/div>\n\t\t<\/div>\n\t\t\t\t\t<\/div>\n\t\t<\/section>\n\t\t\t\t<div class=\"elementor-element elementor-element-99ae7fb elementor-widget elementor-widget-google_maps\" data-id=\"99ae7fb\" data-element_type=\"widget\" data-e-type=\"widget\" data-widget_type=\"google_maps.default\">\n\t\t\t\t<div class=\"elementor-widget-container\">\n\t\t\t\t\t\t\t<div class=\"elementor-custom-embed\">\n\t\t\t<iframe loading=\"lazy\"\n\t\t\t\t\tsrc=\"https:\/\/maps.google.com\/maps?q=les%20coches&#038;t=m&#038;z=16&#038;output=embed&#038;iwloc=near\"\n\t\t\t\t\ttitle=\"les coches\"\n\t\t\t\t\taria-label=\"les coches\"\n\t\t\t><\/iframe>\n\t\t<\/div>\n\t\t\t\t\t\t<\/div>\n\t\t\t\t<\/div>\n\t\t\t\t\t<\/div>\n\t\t<\/div>\n\t\t\t\t\t<\/div>\n\t\t<\/section>\n\t\t\t\t<section class=\"elementor-section elementor-top-section elementor-element elementor-element-e8126c7 elementor-section-boxed elementor-section-height-default elementor-section-height-default\" data-id=\"e8126c7\" data-element_type=\"section\" data-e-type=\"section\">\n\t\t\t\t\t\t<div class=\"elementor-container elementor-column-gap-default\">\n\t\t\t\t\t<div class=\"elementor-column elementor-col-100 elementor-top-column elementor-element elementor-element-42a6344\" data-id=\"42a6344\" data-element_type=\"column\" data-e-type=\"column\">\n\t\t\t<div class=\"elementor-widget-wrap elementor-element-populated\">\n\t\t\t\t\t\t<div class=\"elementor-element elementor-element-b28c4f0 elementor-align-center animated-slow elementor-invisible elementor-widget elementor-widget-button\" data-id=\"b28c4f0\" data-element_type=\"widget\" data-e-type=\"widget\" data-settings=\"{&quot;_animation&quot;:&quot;fadeIn&quot;}\" data-widget_type=\"button.default\">\n\t\t\t\t<div class=\"elementor-widget-container\">\n\t\t\t\t\t\t\t\t\t<div class=\"elementor-button-wrapper\">\n\t\t\t\t\t<a class=\"elementor-button elementor-button-link elementor-size-sm elementor-animation-pulse-grow\" href=\"https:\/\/duprez-montagne.be\/en\/commerces-aux-coches\/\">\n\t\t\t\t\t\t<span class=\"elementor-button-content-wrapper\">\n\t\t\t\t\t\t\t\t\t<span class=\"elementor-button-text\">LES COMMERCES DES COCHES<\/span>\n\t\t\t\t\t<\/span>\n\t\t\t\t\t<\/a>\n\t\t\t\t<\/div>\n\t\t\t\t\t\t\t\t<\/div>\n\t\t\t\t<\/div>\n\t\t\t\t\t<\/div>\n\t\t<\/div>\n\t\t\t\t\t<\/div>\n\t\t<\/section>\n\t\t\t\t<\/div>","protected":false},"excerpt":{"rendered":"<p>Vos vacances au ski \u00e0 Montchavin La Plagne une station-village familiale, typique des vall\u00e9es alpines. Id\u00e9alement situ\u00e9e sur un balcon panoramique au c\u0153ur de la vall\u00e9e de la Tarentaise, la &hellip; <\/p>\n<p class=\"link-more\"><a href=\"https:\/\/duprez-montagne.be\/en\/la-station-des-coches\/\" class=\"more-link\">Read more<span class=\"screen-reader-text\"> \u00ab\u00a0La station\u00a0\u00bb<\/span><\/a><\/p>","protected":false},"author":1,"featured_media":41,"parent":0,"menu_order":0,"comment_status":"closed","ping_status":"closed","template":"elementor_theme","meta":{"footnotes":""},"class_list":["post-7","page","type-page","status-publish","has-post-thumbnail","hentry"],"yoast_head":"<!-- This site is optimized with the Yoast SEO plugin v27.4 - https:\/\/yoast.com\/product\/yoast-seo-wordpress\/ -->\n<title>La station - DUPREZ-MONTAGNE.BE<\/title>\n<meta name=\"description\" content=\"Quelques informations et d\u00e9tail sur la station des Coches afin de vous donner envie de venir nous rendre visite !...\" \/>\n<meta name=\"robots\" content=\"index, follow, max-snippet:-1, max-image-preview:large, max-video-preview:-1\" \/>\n<link rel=\"canonical\" href=\"https:\/\/duprez-montagne.be\/en\/la-station-des-coches\/\" \/>\n<meta property=\"og:locale\" content=\"en_GB\" \/>\n<meta property=\"og:type\" content=\"article\" \/>\n<meta property=\"og:title\" content=\"La station - DUPREZ-MONTAGNE.BE\" \/>\n<meta property=\"og:description\" content=\"Quelques informations et d\u00e9tail sur la station des Coches afin de vous donner envie de venir nous rendre visite !...\" \/>\n<meta property=\"og:url\" content=\"https:\/\/duprez-montagne.be\/en\/la-station-des-coches\/\" \/>\n<meta property=\"og:site_name\" content=\"DUPREZ-MONTAGNE.BE\" \/>\n<meta property=\"article:modified_time\" content=\"2023-11-03T17:37:16+00:00\" \/>\n<meta property=\"og:image\" content=\"https:\/\/duprez-montagne.be\/wp-content\/uploads\/2023\/02\/le-village01.jpg\" \/>\n\t<meta property=\"og:image:width\" content=\"1920\" \/>\n\t<meta property=\"og:image:height\" content=\"1275\" \/>\n\t<meta property=\"og:image:type\" content=\"image\/jpeg\" \/>\n<meta name=\"twitter:card\" content=\"summary_large_image\" \/>\n<meta name=\"twitter:label1\" content=\"Estimated reading time\" \/>\n\t<meta name=\"twitter:data1\" content=\"3 minutes\" \/>\n<script type=\"application\/ld+json\" class=\"yoast-schema-graph\">{\"@context\":\"https:\\\/\\\/schema.org\",\"@graph\":[{\"@type\":\"WebPage\",\"@id\":\"https:\\\/\\\/duprez-montagne.be\\\/la-station-des-coches\\\/\",\"url\":\"https:\\\/\\\/duprez-montagne.be\\\/la-station-des-coches\\\/\",\"name\":\"La station - DUPREZ-MONTAGNE.BE\",\"isPartOf\":{\"@id\":\"https:\\\/\\\/duprez-montagne.be\\\/fr_fr\\\/#website\"},\"primaryImageOfPage\":{\"@id\":\"https:\\\/\\\/duprez-montagne.be\\\/la-station-des-coches\\\/#primaryimage\"},\"image\":{\"@id\":\"https:\\\/\\\/duprez-montagne.be\\\/la-station-des-coches\\\/#primaryimage\"},\"thumbnailUrl\":\"https:\\\/\\\/duprez-montagne.be\\\/wp-content\\\/uploads\\\/2023\\\/02\\\/le-village01.jpg\",\"datePublished\":\"2023-02-23T14:45:51+00:00\",\"dateModified\":\"2023-11-03T17:37:16+00:00\",\"description\":\"Quelques informations et d\u00e9tail sur la station des Coches afin de vous donner envie de venir nous rendre visite !...\",\"breadcrumb\":{\"@id\":\"https:\\\/\\\/duprez-montagne.be\\\/la-station-des-coches\\\/#breadcrumb\"},\"inLanguage\":\"en-GB\",\"potentialAction\":[{\"@type\":\"ReadAction\",\"target\":[\"https:\\\/\\\/duprez-montagne.be\\\/la-station-des-coches\\\/\"]}]},{\"@type\":\"ImageObject\",\"inLanguage\":\"en-GB\",\"@id\":\"https:\\\/\\\/duprez-montagne.be\\\/la-station-des-coches\\\/#primaryimage\",\"url\":\"https:\\\/\\\/duprez-montagne.be\\\/wp-content\\\/uploads\\\/2023\\\/02\\\/le-village01.jpg\",\"contentUrl\":\"https:\\\/\\\/duprez-montagne.be\\\/wp-content\\\/uploads\\\/2023\\\/02\\\/le-village01.jpg\",\"width\":1920,\"height\":1275},{\"@type\":\"BreadcrumbList\",\"@id\":\"https:\\\/\\\/duprez-montagne.be\\\/la-station-des-coches\\\/#breadcrumb\",\"itemListElement\":[{\"@type\":\"ListItem\",\"position\":1,\"name\":\"Accueil\",\"item\":\"https:\\\/\\\/duprez-montagne.be\\\/fr_fr\\\/\"},{\"@type\":\"ListItem\",\"position\":2,\"name\":\"La station\"}]},{\"@type\":\"WebSite\",\"@id\":\"https:\\\/\\\/duprez-montagne.be\\\/fr_fr\\\/#website\",\"url\":\"https:\\\/\\\/duprez-montagne.be\\\/fr_fr\\\/\",\"name\":\"DUPREZ-MONTAGNE.BE\",\"description\":\"Location appartement aux coches\",\"publisher\":{\"@id\":\"https:\\\/\\\/duprez-montagne.be\\\/fr_fr\\\/#organization\"},\"potentialAction\":[{\"@type\":\"SearchAction\",\"target\":{\"@type\":\"EntryPoint\",\"urlTemplate\":\"https:\\\/\\\/duprez-montagne.be\\\/fr_fr\\\/?s={search_term_string}\"},\"query-input\":{\"@type\":\"PropertyValueSpecification\",\"valueRequired\":true,\"valueName\":\"search_term_string\"}}],\"inLanguage\":\"en-GB\"},{\"@type\":\"Organization\",\"@id\":\"https:\\\/\\\/duprez-montagne.be\\\/fr_fr\\\/#organization\",\"name\":\"DUPREZ-MONTAGNE.BE\",\"url\":\"https:\\\/\\\/duprez-montagne.be\\\/fr_fr\\\/\",\"logo\":{\"@type\":\"ImageObject\",\"inLanguage\":\"en-GB\",\"@id\":\"https:\\\/\\\/duprez-montagne.be\\\/fr_fr\\\/#\\\/schema\\\/logo\\\/image\\\/\",\"url\":\"https:\\\/\\\/www.duprez-montagne.be\\\/wp-content\\\/uploads\\\/2023\\\/05\\\/logo_2.png\",\"contentUrl\":\"https:\\\/\\\/www.duprez-montagne.be\\\/wp-content\\\/uploads\\\/2023\\\/05\\\/logo_2.png\",\"width\":364,\"height\":295,\"caption\":\"DUPREZ-MONTAGNE.BE\"},\"image\":{\"@id\":\"https:\\\/\\\/duprez-montagne.be\\\/fr_fr\\\/#\\\/schema\\\/logo\\\/image\\\/\"}}]}<\/script>\n<!-- \/ Yoast SEO plugin. -->","yoast_head_json":{"title":"La station - DUPREZ-MONTAGNE.BE","description":"Quelques informations et d\u00e9tail sur la station des Coches afin de vous donner envie de venir nous rendre visite !...","robots":{"index":"index","follow":"follow","max-snippet":"max-snippet:-1","max-image-preview":"max-image-preview:large","max-video-preview":"max-video-preview:-1"},"canonical":"https:\/\/duprez-montagne.be\/en\/la-station-des-coches\/","og_locale":"en_GB","og_type":"article","og_title":"La station - DUPREZ-MONTAGNE.BE","og_description":"Quelques informations et d\u00e9tail sur la station des Coches afin de vous donner envie de venir nous rendre visite !...","og_url":"https:\/\/duprez-montagne.be\/en\/la-station-des-coches\/","og_site_name":"DUPREZ-MONTAGNE.BE","article_modified_time":"2023-11-03T17:37:16+00:00","og_image":[{"width":1920,"height":1275,"url":"https:\/\/duprez-montagne.be\/wp-content\/uploads\/2023\/02\/le-village01.jpg","type":"image\/jpeg"}],"twitter_card":"summary_large_image","twitter_misc":{"Estimated reading time":"3 minutes"},"schema":{"@context":"https:\/\/schema.org","@graph":[{"@type":"WebPage","@id":"https:\/\/duprez-montagne.be\/la-station-des-coches\/","url":"https:\/\/duprez-montagne.be\/la-station-des-coches\/","name":"La station - DUPREZ-MONTAGNE.BE","isPartOf":{"@id":"https:\/\/duprez-montagne.be\/fr_fr\/#website"},"primaryImageOfPage":{"@id":"https:\/\/duprez-montagne.be\/la-station-des-coches\/#primaryimage"},"image":{"@id":"https:\/\/duprez-montagne.be\/la-station-des-coches\/#primaryimage"},"thumbnailUrl":"https:\/\/duprez-montagne.be\/wp-content\/uploads\/2023\/02\/le-village01.jpg","datePublished":"2023-02-23T14:45:51+00:00","dateModified":"2023-11-03T17:37:16+00:00","description":"Quelques informations et d\u00e9tail sur la station des Coches afin de vous donner envie de venir nous rendre visite !...","breadcrumb":{"@id":"https:\/\/duprez-montagne.be\/la-station-des-coches\/#breadcrumb"},"inLanguage":"en-GB","potentialAction":[{"@type":"ReadAction","target":["https:\/\/duprez-montagne.be\/la-station-des-coches\/"]}]},{"@type":"ImageObject","inLanguage":"en-GB","@id":"https:\/\/duprez-montagne.be\/la-station-des-coches\/#primaryimage","url":"https:\/\/duprez-montagne.be\/wp-content\/uploads\/2023\/02\/le-village01.jpg","contentUrl":"https:\/\/duprez-montagne.be\/wp-content\/uploads\/2023\/02\/le-village01.jpg","width":1920,"height":1275},{"@type":"BreadcrumbList","@id":"https:\/\/duprez-montagne.be\/la-station-des-coches\/#breadcrumb","itemListElement":[{"@type":"ListItem","position":1,"name":"Accueil","item":"https:\/\/duprez-montagne.be\/fr_fr\/"},{"@type":"ListItem","position":2,"name":"La station"}]},{"@type":"WebSite","@id":"https:\/\/duprez-montagne.be\/fr_fr\/#website","url":"https:\/\/duprez-montagne.be\/fr_fr\/","name":"DUPREZ-MONTAGNE.BE","description":"Location appartement aux coches","publisher":{"@id":"https:\/\/duprez-montagne.be\/fr_fr\/#organization"},"potentialAction":[{"@type":"SearchAction","target":{"@type":"EntryPoint","urlTemplate":"https:\/\/duprez-montagne.be\/fr_fr\/?s={search_term_string}"},"query-input":{"@type":"PropertyValueSpecification","valueRequired":true,"valueName":"search_term_string"}}],"inLanguage":"en-GB"},{"@type":"Organization","@id":"https:\/\/duprez-montagne.be\/fr_fr\/#organization","name":"DUPREZ-MONTAGNE.BE","url":"https:\/\/duprez-montagne.be\/fr_fr\/","logo":{"@type":"ImageObject","inLanguage":"en-GB","@id":"https:\/\/duprez-montagne.be\/fr_fr\/#\/schema\/logo\/image\/","url":"https:\/\/www.duprez-montagne.be\/wp-content\/uploads\/2023\/05\/logo_2.png","contentUrl":"https:\/\/www.duprez-montagne.be\/wp-content\/uploads\/2023\/05\/logo_2.png","width":364,"height":295,"caption":"DUPREZ-MONTAGNE.BE"},"image":{"@id":"https:\/\/duprez-montagne.be\/fr_fr\/#\/schema\/logo\/image\/"}}]}},"_links":{"self":[{"href":"https:\/\/duprez-montagne.be\/en\/wp-json\/wp\/v2\/pages\/7","targetHints":{"allow":["GET"]}}],"collection":[{"href":"https:\/\/duprez-montagne.be\/en\/wp-json\/wp\/v2\/pages"}],"about":[{"href":"https:\/\/duprez-montagne.be\/en\/wp-json\/wp\/v2\/types\/page"}],"author":[{"embeddable":true,"href":"https:\/\/duprez-montagne.be\/en\/wp-json\/wp\/v2\/users\/1"}],"replies":[{"embeddable":true,"href":"https:\/\/duprez-montagne.be\/en\/wp-json\/wp\/v2\/comments?post=7"}],"version-history":[{"count":17,"href":"https:\/\/duprez-montagne.be\/en\/wp-json\/wp\/v2\/pages\/7\/revisions"}],"predecessor-version":[{"id":602,"href":"https:\/\/duprez-montagne.be\/en\/wp-json\/wp\/v2\/pages\/7\/revisions\/602"}],"wp:featuredmedia":[{"embeddable":true,"href":"https:\/\/duprez-montagne.be\/en\/wp-json\/wp\/v2\/media\/41"}],"wp:attachment":[{"href":"https:\/\/duprez-montagne.be\/en\/wp-json\/wp\/v2\/media?parent=7"}],"curies":[{"name":"wp","href":"https:\/\/api.w.org\/{rel}","templated":true}]}}