{"id":64,"date":"2023-02-24T10:55:01","date_gmt":"2023-02-24T09:55:01","guid":{"rendered":"http:\/\/duprez-montagne.be\/?page_id=64"},"modified":"2023-05-18T19:07:09","modified_gmt":"2023-05-18T17:07:09","slug":"le-domaine-skiable","status":"publish","type":"page","link":"https:\/\/duprez-montagne.be\/en\/le-domaine-skiable\/","title":{"rendered":"The ski area"},"content":{"rendered":"<div data-elementor-type=\"wp-page\" data-elementor-id=\"64\" class=\"elementor elementor-64\">\n\t\t\t\t\t\t<section class=\"elementor-section elementor-top-section elementor-element elementor-element-2f6ecd9 elementor-section-boxed elementor-section-height-default elementor-section-height-default\" data-id=\"2f6ecd9\" data-element_type=\"section\" data-e-type=\"section\">\n\t\t\t\t\t\t<div class=\"elementor-container elementor-column-gap-default\">\n\t\t\t\t\t<div class=\"elementor-column elementor-col-100 elementor-top-column elementor-element elementor-element-8a7af55\" data-id=\"8a7af55\" data-element_type=\"column\" data-e-type=\"column\">\n\t\t\t<div class=\"elementor-widget-wrap elementor-element-populated\">\n\t\t\t\t\t\t<div class=\"elementor-element elementor-element-d96acd0 elementor-widget elementor-widget-heading\" data-id=\"d96acd0\" data-element_type=\"widget\" data-e-type=\"widget\" data-widget_type=\"heading.default\">\n\t\t\t\t<div class=\"elementor-widget-container\">\n\t\t\t\t\t<h1 class=\"elementor-heading-title elementor-size-default\">Paradiski<\/h1>\t\t\t\t<\/div>\n\t\t\t\t<\/div>\n\t\t\t\t<div class=\"elementor-element elementor-element-8021273 elementor-widget elementor-widget-heading\" data-id=\"8021273\" data-element_type=\"widget\" data-e-type=\"widget\" data-widget_type=\"heading.default\">\n\t\t\t\t<div class=\"elementor-widget-container\">\n\t\t\t\t\t<h2 class=\"elementor-heading-title elementor-size-medium\">The second largest ski area in the world<\/h2>\t\t\t\t<\/div>\n\t\t\t\t<\/div>\n\t\t\t\t\t<\/div>\n\t\t<\/div>\n\t\t\t\t\t<\/div>\n\t\t<\/section>\n\t\t\t\t<section class=\"elementor-section elementor-top-section elementor-element elementor-element-9224f2e elementor-section-boxed elementor-section-height-default elementor-section-height-default\" data-id=\"9224f2e\" data-element_type=\"section\" data-e-type=\"section\">\n\t\t\t\t\t\t<div class=\"elementor-container elementor-column-gap-default\">\n\t\t\t\t\t<div class=\"elementor-column elementor-col-100 elementor-top-column elementor-element elementor-element-b5f26f3\" data-id=\"b5f26f3\" data-element_type=\"column\" data-e-type=\"column\">\n\t\t\t<div class=\"elementor-widget-wrap elementor-element-populated\">\n\t\t\t\t\t\t<div class=\"elementor-element elementor-element-7be09ec elementor-widget elementor-widget-text-editor\" data-id=\"7be09ec\" data-element_type=\"widget\" data-e-type=\"widget\" data-widget_type=\"text-editor.default\">\n\t\t\t\t<div class=\"elementor-widget-container\">\n\t\t\t\t\t\t\t\t\t<div><div class=\"translation-block\">Montchavin-Les Coches is part of the La Plagne ski area, which extends from <strong>1250 to 3250 meters above sea level<\/strong> and includes 10 resorts, for 10 atmospheres. It is one of the largest and most varied playgrounds in the world: between glaciers, forests and powder fields, you can ski in a <strong>diverse environment<\/strong> located <strong>70% above above 2000 meters of altitude<\/strong> (which guarantees excellent snow cover) and offering <strong>incredible panoramas<\/strong> over Mont Blanc and the French Alps.<\/div><div>\u00a0<\/div><div class=\"translation-block\">It has <strong>136 runs (225 km)<\/strong> for all levels: while experienced skiers can indulge in the joys of intense skiing on the <strong>19 black runs and 34 red runs<\/strong> &gt;, beginners and families will have access to a reassuring and pleasant skiing experience thanks to the area's <strong>74 blue runs and 9 green runs<\/strong>. <strong>77 ski lifts<\/strong> (in addition to the <strong>Vanoise-Express<\/strong> cable car, used to get to Les Arcs) serve the slopes of the resort, which also offers a snowpark, a fun slope , 3 boardercross, 2 themed runs, 1 toboggan run and 2 big airbags.<\/div><\/div><div>\u00a0<\/div><div class=\"translation-block\">La Plagne is also an area located in the heart of Paradiski, the <strong>2nd largest connected ski area in the world<\/strong>, made up of Les Arcs, Peisey-Vallandry and La Plagne. Aimed at ski enthusiasts of all levels, this spectacular area stretching from <strong>1200 to 3250 meters above sea level<\/strong>, has no less than <strong>425 km of slopes<\/strong> served by <strong>130 ski lifts<\/strong>.<\/div><div>\u00a0<\/div><div class=\"translation-block\">The area will delight both the most seasoned (<strong>79 red runs and 36 black runs<\/strong>) and the less experienced (<strong>137 blue runs, 12 green runs<\/strong>). It also includes 2 snowparks, 5 boardercross, 3 big airbags, 3 toboggan runs, 1 waterslide, 1 filmed slalom, 1 chronospeed and 1 air tubing.<\/div><div>\u00a0<\/div><div class=\"translation-block\">It is clear that you will not have time to get bored! In addition to all these fun areas, there are <strong>multiple off-ski activities<\/strong>, there is something for everyone: adrenaline junkies (snow quad biking, snowmobiling, paragliding, giant zip line, bobsleigh, etc.), families (snake gliss, tobogganing\u2026) as well as Zen spirits (body care, hikes, massages\u2026). This is a non-exhaustive list of the experiences you will have the opportunity to live in this renowned area!<\/div><div>\u00a0<\/div><div class=\"translation-block\">Finally, you can easily learn about the pleasures of skiing or improve your technique thanks to the various <strong>ski and snowboard schools<\/strong>, independent instructors, guides... who will find the answer to your desires, whatever your age. and your level!<\/div>\t\t\t\t\t\t\t\t<\/div>\n\t\t\t\t<\/div>\n\t\t\t\t<div class=\"elementor-element elementor-element-f3f231f elementor-widget elementor-widget-image\" data-id=\"f3f231f\" data-element_type=\"widget\" data-e-type=\"widget\" data-widget_type=\"image.default\">\n\t\t\t\t<div class=\"elementor-widget-container\">\n\t\t\t\t\t\t\t\t\t\t\t\t<figure class=\"wp-caption\">\n\t\t\t\t\t\t\t\t\t\t\t<a href=\"https:\/\/www.la-plagne.com\/montchavin-les-coches\" target=\"_blank\" rel=\"nofollow\">\n\t\t\t\t\t\t\t<img fetchpriority=\"high\" decoding=\"async\" width=\"541\" height=\"333\" src=\"https:\/\/duprez-montagne.be\/wp-content\/uploads\/2023\/02\/logo_plagne.png\" class=\"attachment-large size-large wp-image-102\" alt=\"\" srcset=\"https:\/\/duprez-montagne.be\/wp-content\/uploads\/2023\/02\/logo_plagne.png 541w, https:\/\/duprez-montagne.be\/wp-content\/uploads\/2023\/02\/logo_plagne-300x185.png 300w, https:\/\/duprez-montagne.be\/wp-content\/uploads\/2023\/02\/logo_plagne-18x12.png 18w\" sizes=\"100vw\" \/>\t\t\t\t\t\t\t\t<\/a>\n\t\t\t\t\t\t\t\t\t\t\t<figcaption class=\"widget-image-caption wp-caption-text\">More info about LA PLAGNE on their website<\/figcaption>\n\t\t\t\t\t\t\t\t\t\t<\/figure>\n\t\t\t\t\t\t\t\t\t<\/div>\n\t\t\t\t<\/div>\n\t\t\t\t\t<\/div>\n\t\t<\/div>\n\t\t\t\t\t<\/div>\n\t\t<\/section>\n\t\t\t\t<section class=\"elementor-section elementor-top-section elementor-element elementor-element-746201a elementor-section-boxed elementor-section-height-default elementor-section-height-default\" data-id=\"746201a\" data-element_type=\"section\" data-e-type=\"section\">\n\t\t\t\t\t\t<div class=\"elementor-container elementor-column-gap-default\">\n\t\t\t\t\t<div class=\"elementor-column elementor-col-100 elementor-top-column elementor-element elementor-element-a3af07a\" data-id=\"a3af07a\" data-element_type=\"column\" data-e-type=\"column\">\n\t\t\t<div class=\"elementor-widget-wrap elementor-element-populated\">\n\t\t\t\t\t\t<div class=\"elementor-element elementor-element-ca5e824 elementor-widget elementor-widget-image\" data-id=\"ca5e824\" data-element_type=\"widget\" data-e-type=\"widget\" data-widget_type=\"image.default\">\n\t\t\t\t<div class=\"elementor-widget-container\">\n\t\t\t\t\t\t\t\t\t\t\t\t\t\t\t\t<a href=\"https:\/\/live.skiplan.com\/moduleweb\/2.0\/live.php?resort=paradiski_hiver&#038;station=la-plagne\" target=\"_blank\" rel=\"nofollow\">\n\t\t\t\t\t\t\t<img decoding=\"async\" width=\"600\" height=\"358\" src=\"https:\/\/duprez-montagne.be\/wp-content\/uploads\/2023\/02\/carte_plein_ecran_fr.jpg\" class=\"attachment-large size-large wp-image-96\" alt=\"\" srcset=\"https:\/\/duprez-montagne.be\/wp-content\/uploads\/2023\/02\/carte_plein_ecran_fr.jpg 600w, https:\/\/duprez-montagne.be\/wp-content\/uploads\/2023\/02\/carte_plein_ecran_fr-300x179.jpg 300w, https:\/\/duprez-montagne.be\/wp-content\/uploads\/2023\/02\/carte_plein_ecran_fr-18x12.jpg 18w\" sizes=\"100vw\" \/>\t\t\t\t\t\t\t\t<\/a>\n\t\t\t\t\t\t\t\t\t\t\t\t\t\t\t<\/div>\n\t\t\t\t<\/div>\n\t\t\t\t\t<\/div>\n\t\t<\/div>\n\t\t\t\t\t<\/div>\n\t\t<\/section>\n\t\t\t\t<section class=\"elementor-section elementor-top-section elementor-element elementor-element-d378f27 elementor-section-boxed elementor-section-height-default elementor-section-height-default\" data-id=\"d378f27\" data-element_type=\"section\" data-e-type=\"section\">\n\t\t\t\t\t\t<div class=\"elementor-container elementor-column-gap-default\">\n\t\t\t\t\t<div class=\"elementor-column elementor-col-50 elementor-top-column elementor-element elementor-element-8f4363d\" data-id=\"8f4363d\" data-element_type=\"column\" data-e-type=\"column\">\n\t\t\t<div class=\"elementor-widget-wrap elementor-element-populated\">\n\t\t\t\t\t\t<div class=\"elementor-element elementor-element-4f63a4d elementor-widget elementor-widget-image\" data-id=\"4f63a4d\" data-element_type=\"widget\" data-e-type=\"widget\" data-widget_type=\"image.default\">\n\t\t\t\t<div class=\"elementor-widget-container\">\n\t\t\t\t\t\t\t\t\t\t\t\t<figure class=\"wp-caption\">\n\t\t\t\t\t\t\t\t\t\t\t<a href=\"https:\/\/www.intersport-rent.fr\/fr\/stations-ski\/tarentaise\/la-plagne\/la-plagne-les-coches\/intersport\" target=\"_blank\" rel=\"nofollow\">\n\t\t\t\t\t\t\t<img decoding=\"async\" width=\"950\" height=\"445\" src=\"https:\/\/duprez-montagne.be\/wp-content\/uploads\/2023\/02\/intersport-1024x480.jpg\" class=\"attachment-large size-large wp-image-108\" alt=\"\" srcset=\"https:\/\/duprez-montagne.be\/wp-content\/uploads\/2023\/02\/intersport-1024x480.jpg 1024w, https:\/\/duprez-montagne.be\/wp-content\/uploads\/2023\/02\/intersport-600x281.jpg 600w, https:\/\/duprez-montagne.be\/wp-content\/uploads\/2023\/02\/intersport-300x141.jpg 300w, https:\/\/duprez-montagne.be\/wp-content\/uploads\/2023\/02\/intersport-768x360.jpg 768w, https:\/\/duprez-montagne.be\/wp-content\/uploads\/2023\/02\/intersport-18x8.jpg 18w, https:\/\/duprez-montagne.be\/wp-content\/uploads\/2023\/02\/intersport.jpg 1500w\" sizes=\"100vw\" \/>\t\t\t\t\t\t\t\t<\/a>\n\t\t\t\t\t\t\t\t\t\t\t<figcaption class=\"widget-image-caption wp-caption-text\">Your ski rentals 100m from the residence<\/figcaption>\n\t\t\t\t\t\t\t\t\t\t<\/figure>\n\t\t\t\t\t\t\t\t\t<\/div>\n\t\t\t\t<\/div>\n\t\t\t\t\t<\/div>\n\t\t<\/div>\n\t\t\t\t<div class=\"elementor-column elementor-col-50 elementor-top-column elementor-element elementor-element-5af302e\" data-id=\"5af302e\" data-element_type=\"column\" data-e-type=\"column\">\n\t\t\t<div class=\"elementor-widget-wrap elementor-element-populated\">\n\t\t\t\t\t\t<div class=\"elementor-element elementor-element-2734a29 elementor-widget elementor-widget-image\" data-id=\"2734a29\" data-element_type=\"widget\" data-e-type=\"widget\" data-widget_type=\"image.default\">\n\t\t\t\t<div class=\"elementor-widget-container\">\n\t\t\t\t\t\t\t\t\t\t\t\t<figure class=\"wp-caption\">\n\t\t\t\t\t\t\t\t\t\t\t<a href=\"https:\/\/www.esf-montchavinlescoches.com\/\" target=\"_blank\" rel=\"nofollow\">\n\t\t\t\t\t\t\t<img loading=\"lazy\" decoding=\"async\" width=\"593\" height=\"85\" src=\"https:\/\/duprez-montagne.be\/wp-content\/uploads\/2023\/02\/ESF_LOGO.png\" class=\"attachment-large size-large wp-image-106\" alt=\"\" srcset=\"https:\/\/duprez-montagne.be\/wp-content\/uploads\/2023\/02\/ESF_LOGO.png 593w, https:\/\/duprez-montagne.be\/wp-content\/uploads\/2023\/02\/ESF_LOGO-300x43.png 300w, https:\/\/duprez-montagne.be\/wp-content\/uploads\/2023\/02\/ESF_LOGO-18x3.png 18w\" sizes=\"100vw\" \/>\t\t\t\t\t\t\t\t<\/a>\n\t\t\t\t\t\t\t\t\t\t\t<figcaption class=\"widget-image-caption wp-caption-text\">Ski lessons for adults and children at the French ski school<\/figcaption>\n\t\t\t\t\t\t\t\t\t\t<\/figure>\n\t\t\t\t\t\t\t\t\t<\/div>\n\t\t\t\t<\/div>\n\t\t\t\t\t<\/div>\n\t\t<\/div>\n\t\t\t\t\t<\/div>\n\t\t<\/section>\n\t\t\t\t<\/div>","protected":false},"excerpt":{"rendered":"<p>Paradiski Le deuxi\u00e8me plus grand domaine skiable du monde Montchavin-Les Coches fait partie du domaine skiable La Plagne, qui s\u2019\u00e9tend de&nbsp;1250 \u00e0 3250 m\u00e8tres d\u2019altitude&nbsp;et regroupe 10 stations, pour 10 &hellip; <\/p>\n<p class=\"link-more\"><a href=\"https:\/\/duprez-montagne.be\/en\/le-domaine-skiable\/\" class=\"more-link\">Read more<span class=\"screen-reader-text\"> \u00ab\u00a0Le domaine skiable\u00a0\u00bb<\/span><\/a><\/p>","protected":false},"author":1,"featured_media":11,"parent":0,"menu_order":0,"comment_status":"closed","ping_status":"closed","template":"","meta":{"footnotes":""},"class_list":["post-64","page","type-page","status-publish","has-post-thumbnail","hentry"],"yoast_head":"<!-- This site is optimized with the Yoast SEO plugin v27.4 - https:\/\/yoast.com\/product\/yoast-seo-wordpress\/ -->\n<title>Le domaine skiable - DUPREZ-MONTAGNE.BE<\/title>\n<meta name=\"description\" content=\"Detail sur le domaine skiable des Coches\" \/>\n<meta name=\"robots\" content=\"index, follow, max-snippet:-1, max-image-preview:large, max-video-preview:-1\" \/>\n<link rel=\"canonical\" href=\"https:\/\/duprez-montagne.be\/en\/le-domaine-skiable\/\" \/>\n<meta property=\"og:locale\" content=\"en_GB\" \/>\n<meta property=\"og:type\" content=\"article\" \/>\n<meta property=\"og:title\" content=\"Le domaine skiable - DUPREZ-MONTAGNE.BE\" \/>\n<meta property=\"og:description\" content=\"Detail sur le domaine skiable des Coches\" \/>\n<meta property=\"og:url\" content=\"https:\/\/duprez-montagne.be\/en\/le-domaine-skiable\/\" \/>\n<meta property=\"og:site_name\" content=\"DUPREZ-MONTAGNE.BE\" \/>\n<meta property=\"article:modified_time\" content=\"2023-05-18T17:07:09+00:00\" \/>\n<meta property=\"og:image\" content=\"https:\/\/duprez-montagne.be\/wp-content\/uploads\/2023\/02\/IMG_7079.jpg\" \/>\n\t<meta property=\"og:image:width\" content=\"1249\" \/>\n\t<meta property=\"og:image:height\" content=\"937\" \/>\n\t<meta property=\"og:image:type\" content=\"image\/jpeg\" \/>\n<meta name=\"twitter:card\" content=\"summary_large_image\" \/>\n<meta name=\"twitter:label1\" content=\"Estimated reading time\" \/>\n\t<meta name=\"twitter:data1\" content=\"4 minutes\" \/>\n<script type=\"application\/ld+json\" class=\"yoast-schema-graph\">{\"@context\":\"https:\\\/\\\/schema.org\",\"@graph\":[{\"@type\":\"WebPage\",\"@id\":\"https:\\\/\\\/duprez-montagne.be\\\/le-domaine-skiable\\\/\",\"url\":\"https:\\\/\\\/duprez-montagne.be\\\/le-domaine-skiable\\\/\",\"name\":\"Le domaine skiable - DUPREZ-MONTAGNE.BE\",\"isPartOf\":{\"@id\":\"https:\\\/\\\/duprez-montagne.be\\\/fr_fr\\\/#website\"},\"primaryImageOfPage\":{\"@id\":\"https:\\\/\\\/duprez-montagne.be\\\/le-domaine-skiable\\\/#primaryimage\"},\"image\":{\"@id\":\"https:\\\/\\\/duprez-montagne.be\\\/le-domaine-skiable\\\/#primaryimage\"},\"thumbnailUrl\":\"https:\\\/\\\/duprez-montagne.be\\\/wp-content\\\/uploads\\\/2023\\\/02\\\/IMG_7079.jpg\",\"datePublished\":\"2023-02-24T09:55:01+00:00\",\"dateModified\":\"2023-05-18T17:07:09+00:00\",\"description\":\"Detail sur le domaine skiable des Coches\",\"breadcrumb\":{\"@id\":\"https:\\\/\\\/duprez-montagne.be\\\/le-domaine-skiable\\\/#breadcrumb\"},\"inLanguage\":\"en-GB\",\"potentialAction\":[{\"@type\":\"ReadAction\",\"target\":[\"https:\\\/\\\/duprez-montagne.be\\\/le-domaine-skiable\\\/\"]}]},{\"@type\":\"ImageObject\",\"inLanguage\":\"en-GB\",\"@id\":\"https:\\\/\\\/duprez-montagne.be\\\/le-domaine-skiable\\\/#primaryimage\",\"url\":\"https:\\\/\\\/duprez-montagne.be\\\/wp-content\\\/uploads\\\/2023\\\/02\\\/IMG_7079.jpg\",\"contentUrl\":\"https:\\\/\\\/duprez-montagne.be\\\/wp-content\\\/uploads\\\/2023\\\/02\\\/IMG_7079.jpg\",\"width\":1249,\"height\":937},{\"@type\":\"BreadcrumbList\",\"@id\":\"https:\\\/\\\/duprez-montagne.be\\\/le-domaine-skiable\\\/#breadcrumb\",\"itemListElement\":[{\"@type\":\"ListItem\",\"position\":1,\"name\":\"Accueil\",\"item\":\"https:\\\/\\\/duprez-montagne.be\\\/fr_fr\\\/\"},{\"@type\":\"ListItem\",\"position\":2,\"name\":\"Le domaine skiable\"}]},{\"@type\":\"WebSite\",\"@id\":\"https:\\\/\\\/duprez-montagne.be\\\/fr_fr\\\/#website\",\"url\":\"https:\\\/\\\/duprez-montagne.be\\\/fr_fr\\\/\",\"name\":\"DUPREZ-MONTAGNE.BE\",\"description\":\"Location appartement aux coches\",\"publisher\":{\"@id\":\"https:\\\/\\\/duprez-montagne.be\\\/fr_fr\\\/#organization\"},\"potentialAction\":[{\"@type\":\"SearchAction\",\"target\":{\"@type\":\"EntryPoint\",\"urlTemplate\":\"https:\\\/\\\/duprez-montagne.be\\\/fr_fr\\\/?s={search_term_string}\"},\"query-input\":{\"@type\":\"PropertyValueSpecification\",\"valueRequired\":true,\"valueName\":\"search_term_string\"}}],\"inLanguage\":\"en-GB\"},{\"@type\":\"Organization\",\"@id\":\"https:\\\/\\\/duprez-montagne.be\\\/fr_fr\\\/#organization\",\"name\":\"DUPREZ-MONTAGNE.BE\",\"url\":\"https:\\\/\\\/duprez-montagne.be\\\/fr_fr\\\/\",\"logo\":{\"@type\":\"ImageObject\",\"inLanguage\":\"en-GB\",\"@id\":\"https:\\\/\\\/duprez-montagne.be\\\/fr_fr\\\/#\\\/schema\\\/logo\\\/image\\\/\",\"url\":\"https:\\\/\\\/www.duprez-montagne.be\\\/wp-content\\\/uploads\\\/2023\\\/05\\\/logo_2.png\",\"contentUrl\":\"https:\\\/\\\/www.duprez-montagne.be\\\/wp-content\\\/uploads\\\/2023\\\/05\\\/logo_2.png\",\"width\":364,\"height\":295,\"caption\":\"DUPREZ-MONTAGNE.BE\"},\"image\":{\"@id\":\"https:\\\/\\\/duprez-montagne.be\\\/fr_fr\\\/#\\\/schema\\\/logo\\\/image\\\/\"}}]}<\/script>\n<!-- \/ Yoast SEO plugin. -->","yoast_head_json":{"title":"Le domaine skiable - DUPREZ-MONTAGNE.BE","description":"Detail sur le domaine skiable des Coches","robots":{"index":"index","follow":"follow","max-snippet":"max-snippet:-1","max-image-preview":"max-image-preview:large","max-video-preview":"max-video-preview:-1"},"canonical":"https:\/\/duprez-montagne.be\/en\/le-domaine-skiable\/","og_locale":"en_GB","og_type":"article","og_title":"Le domaine skiable - DUPREZ-MONTAGNE.BE","og_description":"Detail sur le domaine skiable des Coches","og_url":"https:\/\/duprez-montagne.be\/en\/le-domaine-skiable\/","og_site_name":"DUPREZ-MONTAGNE.BE","article_modified_time":"2023-05-18T17:07:09+00:00","og_image":[{"width":1249,"height":937,"url":"https:\/\/duprez-montagne.be\/wp-content\/uploads\/2023\/02\/IMG_7079.jpg","type":"image\/jpeg"}],"twitter_card":"summary_large_image","twitter_misc":{"Estimated reading time":"4 minutes"},"schema":{"@context":"https:\/\/schema.org","@graph":[{"@type":"WebPage","@id":"https:\/\/duprez-montagne.be\/le-domaine-skiable\/","url":"https:\/\/duprez-montagne.be\/le-domaine-skiable\/","name":"Le domaine skiable - DUPREZ-MONTAGNE.BE","isPartOf":{"@id":"https:\/\/duprez-montagne.be\/fr_fr\/#website"},"primaryImageOfPage":{"@id":"https:\/\/duprez-montagne.be\/le-domaine-skiable\/#primaryimage"},"image":{"@id":"https:\/\/duprez-montagne.be\/le-domaine-skiable\/#primaryimage"},"thumbnailUrl":"https:\/\/duprez-montagne.be\/wp-content\/uploads\/2023\/02\/IMG_7079.jpg","datePublished":"2023-02-24T09:55:01+00:00","dateModified":"2023-05-18T17:07:09+00:00","description":"Detail sur le domaine skiable des Coches","breadcrumb":{"@id":"https:\/\/duprez-montagne.be\/le-domaine-skiable\/#breadcrumb"},"inLanguage":"en-GB","potentialAction":[{"@type":"ReadAction","target":["https:\/\/duprez-montagne.be\/le-domaine-skiable\/"]}]},{"@type":"ImageObject","inLanguage":"en-GB","@id":"https:\/\/duprez-montagne.be\/le-domaine-skiable\/#primaryimage","url":"https:\/\/duprez-montagne.be\/wp-content\/uploads\/2023\/02\/IMG_7079.jpg","contentUrl":"https:\/\/duprez-montagne.be\/wp-content\/uploads\/2023\/02\/IMG_7079.jpg","width":1249,"height":937},{"@type":"BreadcrumbList","@id":"https:\/\/duprez-montagne.be\/le-domaine-skiable\/#breadcrumb","itemListElement":[{"@type":"ListItem","position":1,"name":"Accueil","item":"https:\/\/duprez-montagne.be\/fr_fr\/"},{"@type":"ListItem","position":2,"name":"Le domaine skiable"}]},{"@type":"WebSite","@id":"https:\/\/duprez-montagne.be\/fr_fr\/#website","url":"https:\/\/duprez-montagne.be\/fr_fr\/","name":"DUPREZ-MONTAGNE.BE","description":"Location appartement aux coches","publisher":{"@id":"https:\/\/duprez-montagne.be\/fr_fr\/#organization"},"potentialAction":[{"@type":"SearchAction","target":{"@type":"EntryPoint","urlTemplate":"https:\/\/duprez-montagne.be\/fr_fr\/?s={search_term_string}"},"query-input":{"@type":"PropertyValueSpecification","valueRequired":true,"valueName":"search_term_string"}}],"inLanguage":"en-GB"},{"@type":"Organization","@id":"https:\/\/duprez-montagne.be\/fr_fr\/#organization","name":"DUPREZ-MONTAGNE.BE","url":"https:\/\/duprez-montagne.be\/fr_fr\/","logo":{"@type":"ImageObject","inLanguage":"en-GB","@id":"https:\/\/duprez-montagne.be\/fr_fr\/#\/schema\/logo\/image\/","url":"https:\/\/www.duprez-montagne.be\/wp-content\/uploads\/2023\/05\/logo_2.png","contentUrl":"https:\/\/www.duprez-montagne.be\/wp-content\/uploads\/2023\/05\/logo_2.png","width":364,"height":295,"caption":"DUPREZ-MONTAGNE.BE"},"image":{"@id":"https:\/\/duprez-montagne.be\/fr_fr\/#\/schema\/logo\/image\/"}}]}},"_links":{"self":[{"href":"https:\/\/duprez-montagne.be\/en\/wp-json\/wp\/v2\/pages\/64","targetHints":{"allow":["GET"]}}],"collection":[{"href":"https:\/\/duprez-montagne.be\/en\/wp-json\/wp\/v2\/pages"}],"about":[{"href":"https:\/\/duprez-montagne.be\/en\/wp-json\/wp\/v2\/types\/page"}],"author":[{"embeddable":true,"href":"https:\/\/duprez-montagne.be\/en\/wp-json\/wp\/v2\/users\/1"}],"replies":[{"embeddable":true,"href":"https:\/\/duprez-montagne.be\/en\/wp-json\/wp\/v2\/comments?post=64"}],"version-history":[{"count":1,"href":"https:\/\/duprez-montagne.be\/en\/wp-json\/wp\/v2\/pages\/64\/revisions"}],"predecessor-version":[{"id":309,"href":"https:\/\/duprez-montagne.be\/en\/wp-json\/wp\/v2\/pages\/64\/revisions\/309"}],"wp:featuredmedia":[{"embeddable":true,"href":"https:\/\/duprez-montagne.be\/en\/wp-json\/wp\/v2\/media\/11"}],"wp:attachment":[{"href":"https:\/\/duprez-montagne.be\/en\/wp-json\/wp\/v2\/media?parent=64"}],"curies":[{"name":"wp","href":"https:\/\/api.w.org\/{rel}","templated":true}]}}