{"id":261,"date":"2023-05-16T22:12:11","date_gmt":"2023-05-16T20:12:11","guid":{"rendered":"https:\/\/www.duprez-montagne.be\/?page_id=261"},"modified":"2023-10-11T15:54:21","modified_gmt":"2023-10-11T13:54:21","slug":"reservation-location-appartement","status":"publish","type":"page","link":"https:\/\/duprez-montagne.be\/en\/reservation-location-appartement\/","title":{"rendered":"Booking"},"content":{"rendered":"<div data-elementor-type=\"wp-page\" data-elementor-id=\"261\" class=\"elementor elementor-261\">\n\t\t\t\t\t\t<section class=\"elementor-section elementor-top-section elementor-element elementor-element-7a85f22 elementor-section-boxed elementor-section-height-default elementor-section-height-default\" data-id=\"7a85f22\" data-element_type=\"section\" data-e-type=\"section\">\n\t\t\t\t\t\t<div class=\"elementor-container elementor-column-gap-default\">\n\t\t\t\t\t<div class=\"elementor-column elementor-col-100 elementor-top-column elementor-element elementor-element-9538233\" data-id=\"9538233\" data-element_type=\"column\" data-e-type=\"column\">\n\t\t\t<div class=\"elementor-widget-wrap elementor-element-populated\">\n\t\t\t\t\t\t<div class=\"elementor-element elementor-element-eafe0c6 elementor-widget elementor-widget-heading\" data-id=\"eafe0c6\" data-element_type=\"widget\" data-e-type=\"widget\" data-widget_type=\"heading.default\">\n\t\t\t\t<div class=\"elementor-widget-container\">\n\t\t\t\t\t<h2 class=\"elementor-heading-title elementor-size-default\">Make your booking please<\/h2>\t\t\t\t<\/div>\n\t\t\t\t<\/div>\n\t\t\t\t<div class=\"elementor-element elementor-element-8910135 elementor-widget elementor-widget-shortcode\" data-id=\"8910135\" data-element_type=\"widget\" data-e-type=\"widget\" data-widget_type=\"shortcode.default\">\n\t\t\t\t<div class=\"elementor-widget-container\">\n\t\t\t\t\t\t\t<div class=\"elementor-shortcode\"><script async src=\"https:\/\/secured.sirvoy.com\/widget\/sirvoy.js\" data-form-id=\"883571d0c5a4ad36\" data-wp-plugin-version=\"5.1\"><\/script><\/div>\n\t\t\t\t\t\t<\/div>\n\t\t\t\t<\/div>\n\t\t\t\t\t<\/div>\n\t\t<\/div>\n\t\t\t\t\t<\/div>\n\t\t<\/section>\n\t\t\t\t<section class=\"elementor-section elementor-top-section elementor-element elementor-element-2650c01 elementor-section-boxed elementor-section-height-default elementor-section-height-default\" data-id=\"2650c01\" data-element_type=\"section\" data-e-type=\"section\">\n\t\t\t\t\t\t<div class=\"elementor-container elementor-column-gap-default\">\n\t\t\t\t\t<div class=\"elementor-column elementor-col-100 elementor-top-column elementor-element elementor-element-2617783\" data-id=\"2617783\" data-element_type=\"column\" data-e-type=\"column\">\n\t\t\t<div class=\"elementor-widget-wrap elementor-element-populated\">\n\t\t\t\t\t\t<div class=\"elementor-element elementor-element-dd121da elementor-widget elementor-widget-heading\" data-id=\"dd121da\" data-element_type=\"widget\" data-e-type=\"widget\" data-widget_type=\"heading.default\">\n\t\t\t\t<div class=\"elementor-widget-container\">\n\t\t\t\t\t<h2 class=\"elementor-heading-title elementor-size-default\">Booking check \/ modify<\/h2>\t\t\t\t<\/div>\n\t\t\t\t<\/div>\n\t\t\t\t<div class=\"elementor-element elementor-element-592d51e elementor-widget elementor-widget-shortcode\" data-id=\"592d51e\" data-element_type=\"widget\" data-e-type=\"widget\" data-widget_type=\"shortcode.default\">\n\t\t\t\t<div class=\"elementor-widget-container\">\n\t\t\t\t\t\t\t<div class=\"elementor-shortcode\"><script async src=\"https:\/\/secured.sirvoy.com\/widget\/sirvoy.js\" data-form-id=\"883571d0c5a4ad36\" data-widget=\"review\" data-wp-plugin-version=\"5.1\"><\/script><\/div>\n\t\t\t\t\t\t<\/div>\n\t\t\t\t<\/div>\n\t\t\t\t\t<\/div>\n\t\t<\/div>\n\t\t\t\t\t<\/div>\n\t\t<\/section>\n\t\t\t\t<\/div>","protected":false},"excerpt":{"rendered":"<p>Faites votre r\u00e9servation Au plaisir de vous accueillir V\u00e9rification \/ Modification de votre r\u00e9servation<\/p>","protected":false},"author":1,"featured_media":170,"parent":0,"menu_order":0,"comment_status":"closed","ping_status":"closed","template":"","meta":{"footnotes":""},"class_list":["post-261","page","type-page","status-publish","has-post-thumbnail","hentry"],"yoast_head":"<!-- This site is optimized with the Yoast SEO plugin v27.4 - https:\/\/yoast.com\/product\/yoast-seo-wordpress\/ -->\n<title>R\u00e9servation - DUPREZ-MONTAGNE.BE<\/title>\n<meta name=\"description\" content=\"R\u00e9servation location appartement de vacance \u00e0 la montagne dans le domaine de la Plagne\" \/>\n<meta name=\"robots\" content=\"index, follow, max-snippet:-1, max-image-preview:large, max-video-preview:-1\" \/>\n<link rel=\"canonical\" href=\"https:\/\/duprez-montagne.be\/en\/reservation-location-appartement\/\" \/>\n<meta property=\"og:locale\" content=\"en_GB\" \/>\n<meta property=\"og:type\" content=\"article\" \/>\n<meta property=\"og:title\" content=\"R\u00e9servation - DUPREZ-MONTAGNE.BE\" \/>\n<meta property=\"og:description\" content=\"R\u00e9servation location appartement de vacance \u00e0 la montagne dans le domaine de la Plagne\" \/>\n<meta property=\"og:url\" content=\"https:\/\/duprez-montagne.be\/en\/reservation-location-appartement\/\" \/>\n<meta property=\"og:site_name\" content=\"DUPREZ-MONTAGNE.BE\" \/>\n<meta property=\"article:modified_time\" content=\"2023-10-11T13:54:21+00:00\" \/>\n<meta property=\"og:image\" content=\"https:\/\/duprez-montagne.be\/wp-content\/uploads\/2023\/03\/entete_courrier_documents.png\" \/>\n\t<meta property=\"og:image:width\" content=\"1133\" \/>\n\t<meta property=\"og:image:height\" content=\"247\" \/>\n\t<meta property=\"og:image:type\" content=\"image\/png\" \/>\n<meta name=\"twitter:card\" content=\"summary_large_image\" \/>\n<meta name=\"twitter:label1\" content=\"Estimated reading time\" \/>\n\t<meta name=\"twitter:data1\" content=\"1 minute\" \/>\n<script type=\"application\/ld+json\" class=\"yoast-schema-graph\">{\"@context\":\"https:\\\/\\\/schema.org\",\"@graph\":[{\"@type\":\"WebPage\",\"@id\":\"https:\\\/\\\/duprez-montagne.be\\\/reservation-location-appartement\\\/\",\"url\":\"https:\\\/\\\/duprez-montagne.be\\\/reservation-location-appartement\\\/\",\"name\":\"R\u00e9servation - DUPREZ-MONTAGNE.BE\",\"isPartOf\":{\"@id\":\"https:\\\/\\\/duprez-montagne.be\\\/fr_fr\\\/#website\"},\"primaryImageOfPage\":{\"@id\":\"https:\\\/\\\/duprez-montagne.be\\\/reservation-location-appartement\\\/#primaryimage\"},\"image\":{\"@id\":\"https:\\\/\\\/duprez-montagne.be\\\/reservation-location-appartement\\\/#primaryimage\"},\"thumbnailUrl\":\"https:\\\/\\\/duprez-montagne.be\\\/wp-content\\\/uploads\\\/2023\\\/03\\\/entete_courrier_documents.png\",\"datePublished\":\"2023-05-16T20:12:11+00:00\",\"dateModified\":\"2023-10-11T13:54:21+00:00\",\"description\":\"R\u00e9servation location appartement de vacance \u00e0 la montagne dans le domaine de la Plagne\",\"breadcrumb\":{\"@id\":\"https:\\\/\\\/duprez-montagne.be\\\/reservation-location-appartement\\\/#breadcrumb\"},\"inLanguage\":\"en-GB\",\"potentialAction\":[{\"@type\":\"ReadAction\",\"target\":[\"https:\\\/\\\/duprez-montagne.be\\\/reservation-location-appartement\\\/\"]}]},{\"@type\":\"ImageObject\",\"inLanguage\":\"en-GB\",\"@id\":\"https:\\\/\\\/duprez-montagne.be\\\/reservation-location-appartement\\\/#primaryimage\",\"url\":\"https:\\\/\\\/duprez-montagne.be\\\/wp-content\\\/uploads\\\/2023\\\/03\\\/entete_courrier_documents.png\",\"contentUrl\":\"https:\\\/\\\/duprez-montagne.be\\\/wp-content\\\/uploads\\\/2023\\\/03\\\/entete_courrier_documents.png\",\"width\":1133,\"height\":247},{\"@type\":\"BreadcrumbList\",\"@id\":\"https:\\\/\\\/duprez-montagne.be\\\/reservation-location-appartement\\\/#breadcrumb\",\"itemListElement\":[{\"@type\":\"ListItem\",\"position\":1,\"name\":\"Accueil\",\"item\":\"https:\\\/\\\/duprez-montagne.be\\\/fr_fr\\\/\"},{\"@type\":\"ListItem\",\"position\":2,\"name\":\"R\u00e9servation\"}]},{\"@type\":\"WebSite\",\"@id\":\"https:\\\/\\\/duprez-montagne.be\\\/fr_fr\\\/#website\",\"url\":\"https:\\\/\\\/duprez-montagne.be\\\/fr_fr\\\/\",\"name\":\"DUPREZ-MONTAGNE.BE\",\"description\":\"Location appartement aux coches\",\"publisher\":{\"@id\":\"https:\\\/\\\/duprez-montagne.be\\\/fr_fr\\\/#organization\"},\"potentialAction\":[{\"@type\":\"SearchAction\",\"target\":{\"@type\":\"EntryPoint\",\"urlTemplate\":\"https:\\\/\\\/duprez-montagne.be\\\/fr_fr\\\/?s={search_term_string}\"},\"query-input\":{\"@type\":\"PropertyValueSpecification\",\"valueRequired\":true,\"valueName\":\"search_term_string\"}}],\"inLanguage\":\"en-GB\"},{\"@type\":\"Organization\",\"@id\":\"https:\\\/\\\/duprez-montagne.be\\\/fr_fr\\\/#organization\",\"name\":\"DUPREZ-MONTAGNE.BE\",\"url\":\"https:\\\/\\\/duprez-montagne.be\\\/fr_fr\\\/\",\"logo\":{\"@type\":\"ImageObject\",\"inLanguage\":\"en-GB\",\"@id\":\"https:\\\/\\\/duprez-montagne.be\\\/fr_fr\\\/#\\\/schema\\\/logo\\\/image\\\/\",\"url\":\"https:\\\/\\\/www.duprez-montagne.be\\\/wp-content\\\/uploads\\\/2023\\\/05\\\/logo_2.png\",\"contentUrl\":\"https:\\\/\\\/www.duprez-montagne.be\\\/wp-content\\\/uploads\\\/2023\\\/05\\\/logo_2.png\",\"width\":364,\"height\":295,\"caption\":\"DUPREZ-MONTAGNE.BE\"},\"image\":{\"@id\":\"https:\\\/\\\/duprez-montagne.be\\\/fr_fr\\\/#\\\/schema\\\/logo\\\/image\\\/\"}}]}<\/script>\n<!-- \/ Yoast SEO plugin. -->","yoast_head_json":{"title":"R\u00e9servation - DUPREZ-MONTAGNE.BE","description":"R\u00e9servation location appartement de vacance \u00e0 la montagne dans le domaine de la Plagne","robots":{"index":"index","follow":"follow","max-snippet":"max-snippet:-1","max-image-preview":"max-image-preview:large","max-video-preview":"max-video-preview:-1"},"canonical":"https:\/\/duprez-montagne.be\/en\/reservation-location-appartement\/","og_locale":"en_GB","og_type":"article","og_title":"R\u00e9servation - DUPREZ-MONTAGNE.BE","og_description":"R\u00e9servation location appartement de vacance \u00e0 la montagne dans le domaine de la Plagne","og_url":"https:\/\/duprez-montagne.be\/en\/reservation-location-appartement\/","og_site_name":"DUPREZ-MONTAGNE.BE","article_modified_time":"2023-10-11T13:54:21+00:00","og_image":[{"width":1133,"height":247,"url":"https:\/\/duprez-montagne.be\/wp-content\/uploads\/2023\/03\/entete_courrier_documents.png","type":"image\/png"}],"twitter_card":"summary_large_image","twitter_misc":{"Estimated reading time":"1 minute"},"schema":{"@context":"https:\/\/schema.org","@graph":[{"@type":"WebPage","@id":"https:\/\/duprez-montagne.be\/reservation-location-appartement\/","url":"https:\/\/duprez-montagne.be\/reservation-location-appartement\/","name":"R\u00e9servation - DUPREZ-MONTAGNE.BE","isPartOf":{"@id":"https:\/\/duprez-montagne.be\/fr_fr\/#website"},"primaryImageOfPage":{"@id":"https:\/\/duprez-montagne.be\/reservation-location-appartement\/#primaryimage"},"image":{"@id":"https:\/\/duprez-montagne.be\/reservation-location-appartement\/#primaryimage"},"thumbnailUrl":"https:\/\/duprez-montagne.be\/wp-content\/uploads\/2023\/03\/entete_courrier_documents.png","datePublished":"2023-05-16T20:12:11+00:00","dateModified":"2023-10-11T13:54:21+00:00","description":"R\u00e9servation location appartement de vacance \u00e0 la montagne dans le domaine de la Plagne","breadcrumb":{"@id":"https:\/\/duprez-montagne.be\/reservation-location-appartement\/#breadcrumb"},"inLanguage":"en-GB","potentialAction":[{"@type":"ReadAction","target":["https:\/\/duprez-montagne.be\/reservation-location-appartement\/"]}]},{"@type":"ImageObject","inLanguage":"en-GB","@id":"https:\/\/duprez-montagne.be\/reservation-location-appartement\/#primaryimage","url":"https:\/\/duprez-montagne.be\/wp-content\/uploads\/2023\/03\/entete_courrier_documents.png","contentUrl":"https:\/\/duprez-montagne.be\/wp-content\/uploads\/2023\/03\/entete_courrier_documents.png","width":1133,"height":247},{"@type":"BreadcrumbList","@id":"https:\/\/duprez-montagne.be\/reservation-location-appartement\/#breadcrumb","itemListElement":[{"@type":"ListItem","position":1,"name":"Accueil","item":"https:\/\/duprez-montagne.be\/fr_fr\/"},{"@type":"ListItem","position":2,"name":"R\u00e9servation"}]},{"@type":"WebSite","@id":"https:\/\/duprez-montagne.be\/fr_fr\/#website","url":"https:\/\/duprez-montagne.be\/fr_fr\/","name":"DUPREZ-MONTAGNE.BE","description":"Location appartement aux coches","publisher":{"@id":"https:\/\/duprez-montagne.be\/fr_fr\/#organization"},"potentialAction":[{"@type":"SearchAction","target":{"@type":"EntryPoint","urlTemplate":"https:\/\/duprez-montagne.be\/fr_fr\/?s={search_term_string}"},"query-input":{"@type":"PropertyValueSpecification","valueRequired":true,"valueName":"search_term_string"}}],"inLanguage":"en-GB"},{"@type":"Organization","@id":"https:\/\/duprez-montagne.be\/fr_fr\/#organization","name":"DUPREZ-MONTAGNE.BE","url":"https:\/\/duprez-montagne.be\/fr_fr\/","logo":{"@type":"ImageObject","inLanguage":"en-GB","@id":"https:\/\/duprez-montagne.be\/fr_fr\/#\/schema\/logo\/image\/","url":"https:\/\/www.duprez-montagne.be\/wp-content\/uploads\/2023\/05\/logo_2.png","contentUrl":"https:\/\/www.duprez-montagne.be\/wp-content\/uploads\/2023\/05\/logo_2.png","width":364,"height":295,"caption":"DUPREZ-MONTAGNE.BE"},"image":{"@id":"https:\/\/duprez-montagne.be\/fr_fr\/#\/schema\/logo\/image\/"}}]}},"_links":{"self":[{"href":"https:\/\/duprez-montagne.be\/en\/wp-json\/wp\/v2\/pages\/261","targetHints":{"allow":["GET"]}}],"collection":[{"href":"https:\/\/duprez-montagne.be\/en\/wp-json\/wp\/v2\/pages"}],"about":[{"href":"https:\/\/duprez-montagne.be\/en\/wp-json\/wp\/v2\/types\/page"}],"author":[{"embeddable":true,"href":"https:\/\/duprez-montagne.be\/en\/wp-json\/wp\/v2\/users\/1"}],"replies":[{"embeddable":true,"href":"https:\/\/duprez-montagne.be\/en\/wp-json\/wp\/v2\/comments?post=261"}],"version-history":[{"count":4,"href":"https:\/\/duprez-montagne.be\/en\/wp-json\/wp\/v2\/pages\/261\/revisions"}],"predecessor-version":[{"id":417,"href":"https:\/\/duprez-montagne.be\/en\/wp-json\/wp\/v2\/pages\/261\/revisions\/417"}],"wp:featuredmedia":[{"embeddable":true,"href":"https:\/\/duprez-montagne.be\/en\/wp-json\/wp\/v2\/media\/170"}],"wp:attachment":[{"href":"https:\/\/duprez-montagne.be\/en\/wp-json\/wp\/v2\/media?parent=261"}],"curies":[{"name":"wp","href":"https:\/\/api.w.org\/{rel}","templated":true}]}}